{"id":8629,"date":"2026-01-28T13:36:50","date_gmt":"2026-01-28T16:36:50","guid":{"rendered":"https:\/\/www.akeo.com.br\/produtos\/?post_type=product&#038;p=8629"},"modified":"2026-04-13T14:14:29","modified_gmt":"2026-04-13T17:14:29","slug":"brisa","status":"publish","type":"product","link":"https:\/\/www.akeo.com.br\/produtos\/produto\/brisa\/","title":{"rendered":"Brisa"},"content":{"rendered":"","protected":false},"excerpt":{"rendered":"<p>Brisa nasce da ideia de leveza e fluidez. Assim como o vento suave que passa despercebido, mas transforma o ambiente, este puxador se apresenta com um design delicado e ergon\u00f4mico. Seu formato proporciona uma pega natural, que une conforto e praticidade no uso cotidiano. &nbsp;Seu design transmite harmonia e suavidade visual, tornando-o vers\u00e1til para diferentes estilos de mobili\u00e1rio. Brisa carrega a vantagem da leveza do material sem abrir m\u00e3o da resist\u00eancia. Um puxador que combina funcionalidade, est\u00e9tica e acessibilidade, ideal para projetos que buscam equil\u00edbrio entre modernidade e simplicidade. Assim, o Brisa \u00e9 mais do que um detalhe: \u00e9 o sopro sutil que completa o design dos m\u00f3veis.<\/p>\n","protected":false},"featured_media":8633,"comment_status":"closed","ping_status":"closed","template":"","meta":{"ngg_post_thumbnail":0},"product_cat":[35,79,51],"product_tag":[],"class_list":["post-8629","product","type-product","status-publish","has-post-thumbnail","hentry","product_cat-plastico","product_cat-plastico-puxadores","product_cat-puxadores-alca"],"acf":[],"_links":{"self":[{"href":"https:\/\/www.akeo.com.br\/produtos\/wp-json\/wp\/v2\/product\/8629","targetHints":{"allow":["GET"]}}],"collection":[{"href":"https:\/\/www.akeo.com.br\/produtos\/wp-json\/wp\/v2\/product"}],"about":[{"href":"https:\/\/www.akeo.com.br\/produtos\/wp-json\/wp\/v2\/types\/product"}],"replies":[{"embeddable":true,"href":"https:\/\/www.akeo.com.br\/produtos\/wp-json\/wp\/v2\/comments?post=8629"}],"wp:featuredmedia":[{"embeddable":true,"href":"https:\/\/www.akeo.com.br\/produtos\/wp-json\/wp\/v2\/media\/8633"}],"wp:attachment":[{"href":"https:\/\/www.akeo.com.br\/produtos\/wp-json\/wp\/v2\/media?parent=8629"}],"wp:term":[{"taxonomy":"product_cat","embeddable":true,"href":"https:\/\/www.akeo.com.br\/produtos\/wp-json\/wp\/v2\/product_cat?post=8629"},{"taxonomy":"product_tag","embeddable":true,"href":"https:\/\/www.akeo.com.br\/produtos\/wp-json\/wp\/v2\/product_tag?post=8629"}],"curies":[{"name":"wp","href":"https:\/\/api.w.org\/{rel}","templated":true}]}}