{"id":8567,"date":"2025-10-22T11:11:35","date_gmt":"2025-10-22T14:11:35","guid":{"rendered":"https:\/\/www.akeo.com.br\/produtos\/?post_type=product&#038;p=8567"},"modified":"2025-10-28T12:00:14","modified_gmt":"2025-10-28T15:00:14","slug":"mira","status":"publish","type":"product","link":"https:\/\/www.akeo.com.br\/produtos\/produto\/mira\/","title":{"rendered":"Mira"},"content":{"rendered":"","protected":false},"excerpt":{"rendered":"<p>Delicadeza em linha reta.\u00a0Com perfil de alum\u00ednio delicado e textura linear, Mira traduz a eleg\u00e2ncia do essencial. Suas linhas retas e propor\u00e7\u00f5es sutis revelam um design leve e preciso, enquanto a ponteira, suavemente arredondada, parece abra\u00e7ar o perfil, criando uma transi\u00e7\u00e3o fluida e harm\u00f4nica entre forma e fun\u00e7\u00e3o. Um puxador que combina delicadeza e personalidade, ideal para composi\u00e7\u00f5es que valorizam o toque, o detalhe e a pureza do design.<\/p>\n","protected":false},"featured_media":8570,"comment_status":"closed","ping_status":"closed","template":"","meta":{"ngg_post_thumbnail":0},"product_cat":[53,78,54],"product_tag":[],"class_list":["post-8567","product","type-product","status-publish","has-post-thumbnail","hentry","product_cat-aluminio","product_cat-aluminio-puxadores","product_cat-puxadores-alcas"],"acf":[],"_links":{"self":[{"href":"https:\/\/www.akeo.com.br\/produtos\/wp-json\/wp\/v2\/product\/8567","targetHints":{"allow":["GET"]}}],"collection":[{"href":"https:\/\/www.akeo.com.br\/produtos\/wp-json\/wp\/v2\/product"}],"about":[{"href":"https:\/\/www.akeo.com.br\/produtos\/wp-json\/wp\/v2\/types\/product"}],"replies":[{"embeddable":true,"href":"https:\/\/www.akeo.com.br\/produtos\/wp-json\/wp\/v2\/comments?post=8567"}],"wp:featuredmedia":[{"embeddable":true,"href":"https:\/\/www.akeo.com.br\/produtos\/wp-json\/wp\/v2\/media\/8570"}],"wp:attachment":[{"href":"https:\/\/www.akeo.com.br\/produtos\/wp-json\/wp\/v2\/media?parent=8567"}],"wp:term":[{"taxonomy":"product_cat","embeddable":true,"href":"https:\/\/www.akeo.com.br\/produtos\/wp-json\/wp\/v2\/product_cat?post=8567"},{"taxonomy":"product_tag","embeddable":true,"href":"https:\/\/www.akeo.com.br\/produtos\/wp-json\/wp\/v2\/product_tag?post=8567"}],"curies":[{"name":"wp","href":"https:\/\/api.w.org\/{rel}","templated":true}]}}