{"id":8561,"date":"2025-10-22T11:02:05","date_gmt":"2025-10-22T14:02:05","guid":{"rendered":"https:\/\/www.akeo.com.br\/produtos\/?post_type=product&#038;p=8561"},"modified":"2025-10-28T11:59:35","modified_gmt":"2025-10-28T14:59:35","slug":"trento","status":"publish","type":"product","link":"https:\/\/www.akeo.com.br\/produtos\/produto\/trento\/","title":{"rendered":"Trento"},"content":{"rendered":"","protected":false},"excerpt":{"rendered":"<p>For\u00e7a e equil\u00edbrio em cada detalhe. Com perfil mais largo e textura linear, Trento transmite seguran\u00e7a na pega e evidencia a beleza das linhas em toda a sua extens\u00e3o. Sua ponteira discreta traz um toque geom\u00e9trico que se integra perfeitamente ao design, refor\u00e7ando a sensa\u00e7\u00e3o de harmonia e solidez. Um puxador que une presen\u00e7a, funcionalidade e design contempor\u00e2neo.<\/p>\n","protected":false},"featured_media":8562,"comment_status":"closed","ping_status":"closed","template":"","meta":{"ngg_post_thumbnail":0},"product_cat":[53,78,54],"product_tag":[],"class_list":["post-8561","product","type-product","status-publish","has-post-thumbnail","hentry","product_cat-aluminio","product_cat-aluminio-puxadores","product_cat-puxadores-alcas"],"acf":[],"_links":{"self":[{"href":"https:\/\/www.akeo.com.br\/produtos\/wp-json\/wp\/v2\/product\/8561","targetHints":{"allow":["GET"]}}],"collection":[{"href":"https:\/\/www.akeo.com.br\/produtos\/wp-json\/wp\/v2\/product"}],"about":[{"href":"https:\/\/www.akeo.com.br\/produtos\/wp-json\/wp\/v2\/types\/product"}],"replies":[{"embeddable":true,"href":"https:\/\/www.akeo.com.br\/produtos\/wp-json\/wp\/v2\/comments?post=8561"}],"wp:featuredmedia":[{"embeddable":true,"href":"https:\/\/www.akeo.com.br\/produtos\/wp-json\/wp\/v2\/media\/8562"}],"wp:attachment":[{"href":"https:\/\/www.akeo.com.br\/produtos\/wp-json\/wp\/v2\/media?parent=8561"}],"wp:term":[{"taxonomy":"product_cat","embeddable":true,"href":"https:\/\/www.akeo.com.br\/produtos\/wp-json\/wp\/v2\/product_cat?post=8561"},{"taxonomy":"product_tag","embeddable":true,"href":"https:\/\/www.akeo.com.br\/produtos\/wp-json\/wp\/v2\/product_tag?post=8561"}],"curies":[{"name":"wp","href":"https:\/\/api.w.org\/{rel}","templated":true}]}}