{"id":8546,"date":"2025-09-18T09:02:55","date_gmt":"2025-09-18T12:02:55","guid":{"rendered":"https:\/\/www.akeo.com.br\/produtos\/?post_type=product&#038;p=8546"},"modified":"2026-03-19T15:31:51","modified_gmt":"2026-03-19T18:31:51","slug":"organo","status":"publish","type":"product","link":"https:\/\/www.akeo.com.br\/produtos\/produto\/organo\/","title":{"rendered":"Organo"},"content":{"rendered":"","protected":false},"excerpt":{"rendered":"<p>O design do puxador Organo revela a harmonia entre tecnologia e est\u00e9tica. O perfil em alum\u00ednio, discreto e embutido, integra-se perfeitamente, como se fizesse parte da pr\u00f3pria arquitetura do m\u00f3vel. Suas extremidades com desenho org\u00e2nico criam um contraste suave e sofisticado, uma assinatura de estilo que imprime personalidade sem romper com a eleg\u00e2ncia. Mais que um acess\u00f3rio, \u00e9 um elemento que traduz o minimalismo dos m\u00f3veis contempor\u00e2neos, atendendo \u00e0s exig\u00eancias do design moderno com funcionalidade e leveza.<\/p>\n","protected":false},"featured_media":8547,"comment_status":"closed","ping_status":"closed","template":"","meta":{"ngg_post_thumbnail":0},"product_cat":[138,53,63,78,66],"product_tag":[],"class_list":["post-8546","product","type-product","status-publish","has-post-thumbnail","hentry","product_cat-perfis-de-topo-aluminio-perfis","product_cat-aluminio","product_cat-perfis-puxadores","product_cat-aluminio-puxadores","product_cat-puxadores-de-topo-aluminio"],"acf":[],"_links":{"self":[{"href":"https:\/\/www.akeo.com.br\/produtos\/wp-json\/wp\/v2\/product\/8546","targetHints":{"allow":["GET"]}}],"collection":[{"href":"https:\/\/www.akeo.com.br\/produtos\/wp-json\/wp\/v2\/product"}],"about":[{"href":"https:\/\/www.akeo.com.br\/produtos\/wp-json\/wp\/v2\/types\/product"}],"replies":[{"embeddable":true,"href":"https:\/\/www.akeo.com.br\/produtos\/wp-json\/wp\/v2\/comments?post=8546"}],"wp:featuredmedia":[{"embeddable":true,"href":"https:\/\/www.akeo.com.br\/produtos\/wp-json\/wp\/v2\/media\/8547"}],"wp:attachment":[{"href":"https:\/\/www.akeo.com.br\/produtos\/wp-json\/wp\/v2\/media?parent=8546"}],"wp:term":[{"taxonomy":"product_cat","embeddable":true,"href":"https:\/\/www.akeo.com.br\/produtos\/wp-json\/wp\/v2\/product_cat?post=8546"},{"taxonomy":"product_tag","embeddable":true,"href":"https:\/\/www.akeo.com.br\/produtos\/wp-json\/wp\/v2\/product_tag?post=8546"}],"curies":[{"name":"wp","href":"https:\/\/api.w.org\/{rel}","templated":true}]}}