{"id":8537,"date":"2025-08-29T17:27:43","date_gmt":"2025-08-29T20:27:43","guid":{"rendered":"https:\/\/www.akeo.com.br\/produtos\/?post_type=product&#038;p=8537"},"modified":"2026-02-19T09:38:06","modified_gmt":"2026-02-19T12:38:06","slug":"eloise","status":"publish","type":"product","link":"https:\/\/www.akeo.com.br\/produtos\/produto\/eloise\/","title":{"rendered":"Elo\u00edse"},"content":{"rendered":"","protected":false},"excerpt":{"rendered":"<p>Elo\u00edse traduz a eleg\u00e2ncia do essencial: linhas retas que criam uma est\u00e9tica limpa e sofisticada. Sua inspira\u00e7\u00e3o nasce da tradi\u00e7\u00e3o das portas de moldura, mas com uma leitura atualizada e contempor\u00e2nea. A pega em formato de pin\u00e7a adiciona ergonomia e praticidade, unindo conforto ao design minimalista. O resultado \u00e9 um produto vers\u00e1til, capaz de dialogar com diferentes estilos de m\u00f3veis e ambientes, sendo ao mesmo tempo discreto e marcante.<\/p>\n","protected":false},"featured_media":8539,"comment_status":"closed","ping_status":"closed","template":"","meta":{"ngg_post_thumbnail":0},"product_cat":[35,79,51],"product_tag":[],"class_list":["post-8537","product","type-product","status-publish","has-post-thumbnail","hentry","product_cat-plastico","product_cat-plastico-puxadores","product_cat-puxadores-alca"],"acf":[],"_links":{"self":[{"href":"https:\/\/www.akeo.com.br\/produtos\/wp-json\/wp\/v2\/product\/8537","targetHints":{"allow":["GET"]}}],"collection":[{"href":"https:\/\/www.akeo.com.br\/produtos\/wp-json\/wp\/v2\/product"}],"about":[{"href":"https:\/\/www.akeo.com.br\/produtos\/wp-json\/wp\/v2\/types\/product"}],"replies":[{"embeddable":true,"href":"https:\/\/www.akeo.com.br\/produtos\/wp-json\/wp\/v2\/comments?post=8537"}],"wp:featuredmedia":[{"embeddable":true,"href":"https:\/\/www.akeo.com.br\/produtos\/wp-json\/wp\/v2\/media\/8539"}],"wp:attachment":[{"href":"https:\/\/www.akeo.com.br\/produtos\/wp-json\/wp\/v2\/media?parent=8537"}],"wp:term":[{"taxonomy":"product_cat","embeddable":true,"href":"https:\/\/www.akeo.com.br\/produtos\/wp-json\/wp\/v2\/product_cat?post=8537"},{"taxonomy":"product_tag","embeddable":true,"href":"https:\/\/www.akeo.com.br\/produtos\/wp-json\/wp\/v2\/product_tag?post=8537"}],"curies":[{"name":"wp","href":"https:\/\/api.w.org\/{rel}","templated":true}]}}