{"id":8528,"date":"2025-08-05T08:49:36","date_gmt":"2025-08-05T11:49:36","guid":{"rendered":"https:\/\/www.akeo.com.br\/produtos\/?post_type=product&#038;p=8528"},"modified":"2026-02-19T09:47:37","modified_gmt":"2026-02-19T12:47:37","slug":"serena","status":"publish","type":"product","link":"https:\/\/www.akeo.com.br\/produtos\/produto\/serena\/","title":{"rendered":"Serena"},"content":{"rendered":"","protected":false},"excerpt":{"rendered":"<p>Com o perfil texturizado, o puxador Serena revela uma nova proposta de aplica\u00e7\u00e3o, pensado para ser instalado na vertical, sua pega estilo pin\u00e7a valoriza a ergonomia e a intera\u00e7\u00e3o t\u00e1til com o m\u00f3vel. Elegante e funcional, Serena tamb\u00e9m pode ser aplicado de v\u00e1rias formas, adaptando-se com facilidade a diferentes composi\u00e7\u00f5es e necessidades do projeto. A textura sutil em toda sua extens\u00e3o adiciona profundidade visual e refinamento, enquanto suas ponteiras discretas garantem um acabamento limpo e cont\u00ednuo. Vers\u00e1til, Serena \u00e9 ideal para quem busca um puxador com personalidade, presen\u00e7a e conforto ao toque.<\/p>\n","protected":false},"featured_media":8529,"comment_status":"closed","ping_status":"closed","template":"","meta":{"ngg_post_thumbnail":0},"product_cat":[138,53,74,63,78,125],"product_tag":[],"class_list":["post-8528","product","type-product","status-publish","has-post-thumbnail","hentry","product_cat-perfis-de-topo-aluminio-perfis","product_cat-aluminio","product_cat-aluminio-perfis","product_cat-perfis-puxadores","product_cat-aluminio-puxadores","product_cat-puxadores-perfis-puxadores"],"acf":[],"_links":{"self":[{"href":"https:\/\/www.akeo.com.br\/produtos\/wp-json\/wp\/v2\/product\/8528","targetHints":{"allow":["GET"]}}],"collection":[{"href":"https:\/\/www.akeo.com.br\/produtos\/wp-json\/wp\/v2\/product"}],"about":[{"href":"https:\/\/www.akeo.com.br\/produtos\/wp-json\/wp\/v2\/types\/product"}],"replies":[{"embeddable":true,"href":"https:\/\/www.akeo.com.br\/produtos\/wp-json\/wp\/v2\/comments?post=8528"}],"wp:featuredmedia":[{"embeddable":true,"href":"https:\/\/www.akeo.com.br\/produtos\/wp-json\/wp\/v2\/media\/8529"}],"wp:attachment":[{"href":"https:\/\/www.akeo.com.br\/produtos\/wp-json\/wp\/v2\/media?parent=8528"}],"wp:term":[{"taxonomy":"product_cat","embeddable":true,"href":"https:\/\/www.akeo.com.br\/produtos\/wp-json\/wp\/v2\/product_cat?post=8528"},{"taxonomy":"product_tag","embeddable":true,"href":"https:\/\/www.akeo.com.br\/produtos\/wp-json\/wp\/v2\/product_tag?post=8528"}],"curies":[{"name":"wp","href":"https:\/\/api.w.org\/{rel}","templated":true}]}}