{"id":8513,"date":"2025-08-26T14:01:08","date_gmt":"2025-08-26T17:01:08","guid":{"rendered":"https:\/\/www.akeo.com.br\/produtos\/?post_type=product&#038;p=8513"},"modified":"2026-03-19T15:19:44","modified_gmt":"2026-03-19T18:19:44","slug":"malta","status":"publish","type":"product","link":"https:\/\/www.akeo.com.br\/produtos\/produto\/malta\/","title":{"rendered":"Malta"},"content":{"rendered":"","protected":false},"excerpt":{"rendered":"<p>O puxador Malta \u00e9 uma pe\u00e7a que celebra o encontro entre a precis\u00e3o geom\u00e9trica e o design contempor\u00e2neo. Com uma haste facetada, o puxador ganha profundidade visual e reflexos sutis, que variam conforme a luz, oferecendo um toque refinado sem abrir m\u00e3o da simplicidade.<\/p>\n","protected":false},"featured_media":8514,"comment_status":"closed","ping_status":"closed","template":"","meta":{"ngg_post_thumbnail":0},"product_cat":[35,79,51],"product_tag":[],"class_list":["post-8513","product","type-product","status-publish","has-post-thumbnail","hentry","product_cat-plastico","product_cat-plastico-puxadores","product_cat-puxadores-alca"],"acf":[],"_links":{"self":[{"href":"https:\/\/www.akeo.com.br\/produtos\/wp-json\/wp\/v2\/product\/8513","targetHints":{"allow":["GET"]}}],"collection":[{"href":"https:\/\/www.akeo.com.br\/produtos\/wp-json\/wp\/v2\/product"}],"about":[{"href":"https:\/\/www.akeo.com.br\/produtos\/wp-json\/wp\/v2\/types\/product"}],"replies":[{"embeddable":true,"href":"https:\/\/www.akeo.com.br\/produtos\/wp-json\/wp\/v2\/comments?post=8513"}],"wp:featuredmedia":[{"embeddable":true,"href":"https:\/\/www.akeo.com.br\/produtos\/wp-json\/wp\/v2\/media\/8514"}],"wp:attachment":[{"href":"https:\/\/www.akeo.com.br\/produtos\/wp-json\/wp\/v2\/media?parent=8513"}],"wp:term":[{"taxonomy":"product_cat","embeddable":true,"href":"https:\/\/www.akeo.com.br\/produtos\/wp-json\/wp\/v2\/product_cat?post=8513"},{"taxonomy":"product_tag","embeddable":true,"href":"https:\/\/www.akeo.com.br\/produtos\/wp-json\/wp\/v2\/product_tag?post=8513"}],"curies":[{"name":"wp","href":"https:\/\/api.w.org\/{rel}","templated":true}]}}