{"id":8506,"date":"2025-08-26T14:01:34","date_gmt":"2025-08-26T17:01:34","guid":{"rendered":"https:\/\/www.akeo.com.br\/produtos\/?post_type=product&#038;p=8506"},"modified":"2026-03-19T15:20:13","modified_gmt":"2026-03-19T18:20:13","slug":"aurum","status":"publish","type":"product","link":"https:\/\/www.akeo.com.br\/produtos\/produto\/aurum\/","title":{"rendered":"Aurum"},"content":{"rendered":"","protected":false},"excerpt":{"rendered":"<p>Com design sutilmente curvado, o puxador Aurum alia conforto na pega e sofistica\u00e7\u00e3o. Suas extremidades apresentam uma textura canelada que agrega um toque de eleg\u00e2ncia e personalidade \u00e0 pe\u00e7a. A forma org\u00e2nica valoriza os diferentes acabamentos, tornando o puxador vers\u00e1til e harmonioso com diversos estilos de mobili\u00e1rio. Seu visual atemporal, aliado aos detalhes refinados, faz do Aurum uma escolha diferenciada para quem busca funcionalidade com est\u00e9tica marcante.<\/p>\n","protected":false},"featured_media":8507,"comment_status":"closed","ping_status":"closed","template":"","meta":{"ngg_post_thumbnail":0},"product_cat":[35,79,51],"product_tag":[],"class_list":["post-8506","product","type-product","status-publish","has-post-thumbnail","hentry","product_cat-plastico","product_cat-plastico-puxadores","product_cat-puxadores-alca"],"acf":[],"_links":{"self":[{"href":"https:\/\/www.akeo.com.br\/produtos\/wp-json\/wp\/v2\/product\/8506","targetHints":{"allow":["GET"]}}],"collection":[{"href":"https:\/\/www.akeo.com.br\/produtos\/wp-json\/wp\/v2\/product"}],"about":[{"href":"https:\/\/www.akeo.com.br\/produtos\/wp-json\/wp\/v2\/types\/product"}],"replies":[{"embeddable":true,"href":"https:\/\/www.akeo.com.br\/produtos\/wp-json\/wp\/v2\/comments?post=8506"}],"wp:featuredmedia":[{"embeddable":true,"href":"https:\/\/www.akeo.com.br\/produtos\/wp-json\/wp\/v2\/media\/8507"}],"wp:attachment":[{"href":"https:\/\/www.akeo.com.br\/produtos\/wp-json\/wp\/v2\/media?parent=8506"}],"wp:term":[{"taxonomy":"product_cat","embeddable":true,"href":"https:\/\/www.akeo.com.br\/produtos\/wp-json\/wp\/v2\/product_cat?post=8506"},{"taxonomy":"product_tag","embeddable":true,"href":"https:\/\/www.akeo.com.br\/produtos\/wp-json\/wp\/v2\/product_tag?post=8506"}],"curies":[{"name":"wp","href":"https:\/\/api.w.org\/{rel}","templated":true}]}}