{"id":8499,"date":"2025-08-05T08:50:27","date_gmt":"2025-08-05T11:50:27","guid":{"rendered":"https:\/\/www.akeo.com.br\/produtos\/?post_type=product&#038;p=8499"},"modified":"2025-10-28T11:51:27","modified_gmt":"2025-10-28T14:51:27","slug":"tramato","status":"publish","type":"product","link":"https:\/\/www.akeo.com.br\/produtos\/produto\/tramato\/","title":{"rendered":"Tramato"},"content":{"rendered":"","protected":false},"excerpt":{"rendered":"<p>Linearidade para ambientes modernos e alinhados com as tend\u00eancias. Com um olhar para o mobili\u00e1rio contempor\u00e2neo, os puxadores Lapa e Tramato surgem para encantar pelos seus detalhes. Modernos e atemporais suas curvaturas trazem um toque de aconchego e requinte.\u00a0 Al\u00e9m disso, a textura no puxador Tramato tr\u00e1s ainda mais personalidade para o m\u00f3vel.<\/p>\n","protected":false},"featured_media":8500,"comment_status":"closed","ping_status":"closed","template":"","meta":{"ngg_post_thumbnail":0},"product_cat":[35,79,51],"product_tag":[],"class_list":["post-8499","product","type-product","status-publish","has-post-thumbnail","hentry","product_cat-plastico","product_cat-plastico-puxadores","product_cat-puxadores-alca"],"acf":[],"_links":{"self":[{"href":"https:\/\/www.akeo.com.br\/produtos\/wp-json\/wp\/v2\/product\/8499","targetHints":{"allow":["GET"]}}],"collection":[{"href":"https:\/\/www.akeo.com.br\/produtos\/wp-json\/wp\/v2\/product"}],"about":[{"href":"https:\/\/www.akeo.com.br\/produtos\/wp-json\/wp\/v2\/types\/product"}],"replies":[{"embeddable":true,"href":"https:\/\/www.akeo.com.br\/produtos\/wp-json\/wp\/v2\/comments?post=8499"}],"wp:featuredmedia":[{"embeddable":true,"href":"https:\/\/www.akeo.com.br\/produtos\/wp-json\/wp\/v2\/media\/8500"}],"wp:attachment":[{"href":"https:\/\/www.akeo.com.br\/produtos\/wp-json\/wp\/v2\/media?parent=8499"}],"wp:term":[{"taxonomy":"product_cat","embeddable":true,"href":"https:\/\/www.akeo.com.br\/produtos\/wp-json\/wp\/v2\/product_cat?post=8499"},{"taxonomy":"product_tag","embeddable":true,"href":"https:\/\/www.akeo.com.br\/produtos\/wp-json\/wp\/v2\/product_tag?post=8499"}],"curies":[{"name":"wp","href":"https:\/\/api.w.org\/{rel}","templated":true}]}}