{"id":8460,"date":"2025-07-22T11:18:16","date_gmt":"2025-07-22T14:18:16","guid":{"rendered":"https:\/\/www.akeo.com.br\/produtos\/?post_type=product&#038;p=8460"},"modified":"2026-02-19T09:50:11","modified_gmt":"2026-02-19T12:50:11","slug":"parma","status":"publish","type":"product","link":"https:\/\/www.akeo.com.br\/produtos\/produto\/parma\/","title":{"rendered":"Parma"},"content":{"rendered":"","protected":false},"excerpt":{"rendered":"<p>Parma traduz o equil\u00edbrio entre for\u00e7a e sensibilidade. Sua forma carrega a ess\u00eancia do estilo industrial, marcada pela presen\u00e7a de linhas decididas. Mas \u00e9 nas extremidades, onde a textura entra em cena, que ele revela sua personalidade contempor\u00e2nea. Um toque visual e sensorial que aquece, aproxima e conecta o funcional ao emocional. Mais que um puxador, \u00e9 um detalhe que transforma o ambiente, trazendo o conforto da textura para dentro do design urbano. Ideal para compor m\u00f3veis modernos, ousados e cheios de identidade.<\/p>\n","protected":false},"featured_media":8462,"comment_status":"closed","ping_status":"closed","template":"","meta":{"ngg_post_thumbnail":0},"product_cat":[35,79,51],"product_tag":[],"class_list":["post-8460","product","type-product","status-publish","has-post-thumbnail","hentry","product_cat-plastico","product_cat-plastico-puxadores","product_cat-puxadores-alca"],"acf":[],"_links":{"self":[{"href":"https:\/\/www.akeo.com.br\/produtos\/wp-json\/wp\/v2\/product\/8460","targetHints":{"allow":["GET"]}}],"collection":[{"href":"https:\/\/www.akeo.com.br\/produtos\/wp-json\/wp\/v2\/product"}],"about":[{"href":"https:\/\/www.akeo.com.br\/produtos\/wp-json\/wp\/v2\/types\/product"}],"replies":[{"embeddable":true,"href":"https:\/\/www.akeo.com.br\/produtos\/wp-json\/wp\/v2\/comments?post=8460"}],"wp:featuredmedia":[{"embeddable":true,"href":"https:\/\/www.akeo.com.br\/produtos\/wp-json\/wp\/v2\/media\/8462"}],"wp:attachment":[{"href":"https:\/\/www.akeo.com.br\/produtos\/wp-json\/wp\/v2\/media?parent=8460"}],"wp:term":[{"taxonomy":"product_cat","embeddable":true,"href":"https:\/\/www.akeo.com.br\/produtos\/wp-json\/wp\/v2\/product_cat?post=8460"},{"taxonomy":"product_tag","embeddable":true,"href":"https:\/\/www.akeo.com.br\/produtos\/wp-json\/wp\/v2\/product_tag?post=8460"}],"curies":[{"name":"wp","href":"https:\/\/api.w.org\/{rel}","templated":true}]}}