{"id":8447,"date":"2025-08-26T14:02:44","date_gmt":"2025-08-26T17:02:44","guid":{"rendered":"https:\/\/www.akeo.com.br\/produtos\/?post_type=product&#038;p=8447"},"modified":"2025-10-28T10:32:47","modified_gmt":"2025-10-28T13:32:47","slug":"organic-long","status":"publish","type":"product","link":"https:\/\/www.akeo.com.br\/produtos\/produto\/organic-long\/","title":{"rendered":"Organic Long"},"content":{"rendered":"","protected":false},"excerpt":{"rendered":"<p>O puxador Organic Long \u00e9 uma pe\u00e7a inovadora que une funcionalidade e est\u00e9tica de maneira harmoniosa. Com um design que se inspira nas formas org\u00e2nicas, suas linhas suaves e marcantes criam uma presen\u00e7a forte e, ao mesmo tempo, acolhedora no ambiente. A assimetria do design permite a instala\u00e7\u00e3o espelhada, oferecendo a possibilidade de criar diferentes composi\u00e7\u00f5es e desenhos adaptando-se a diversos estilos de m\u00f3veis e interiores. Al\u00e9m disso, pode ser combinado com o puxador pontual de mesmo nome, refor\u00e7ando a unidade est\u00e9tica. Ele n\u00e3o \u00e9 apenas um acess\u00f3rio para m\u00f3veis, mas um elemento que traz sofistica\u00e7\u00e3o e personalidade a qualquer espa\u00e7o.<\/p>\n","protected":false},"featured_media":8449,"comment_status":"closed","ping_status":"closed","template":"","meta":{"ngg_post_thumbnail":0},"product_cat":[35,79,51],"product_tag":[],"class_list":["post-8447","product","type-product","status-publish","has-post-thumbnail","hentry","product_cat-plastico","product_cat-plastico-puxadores","product_cat-puxadores-alca"],"acf":[],"_links":{"self":[{"href":"https:\/\/www.akeo.com.br\/produtos\/wp-json\/wp\/v2\/product\/8447","targetHints":{"allow":["GET"]}}],"collection":[{"href":"https:\/\/www.akeo.com.br\/produtos\/wp-json\/wp\/v2\/product"}],"about":[{"href":"https:\/\/www.akeo.com.br\/produtos\/wp-json\/wp\/v2\/types\/product"}],"replies":[{"embeddable":true,"href":"https:\/\/www.akeo.com.br\/produtos\/wp-json\/wp\/v2\/comments?post=8447"}],"wp:featuredmedia":[{"embeddable":true,"href":"https:\/\/www.akeo.com.br\/produtos\/wp-json\/wp\/v2\/media\/8449"}],"wp:attachment":[{"href":"https:\/\/www.akeo.com.br\/produtos\/wp-json\/wp\/v2\/media?parent=8447"}],"wp:term":[{"taxonomy":"product_cat","embeddable":true,"href":"https:\/\/www.akeo.com.br\/produtos\/wp-json\/wp\/v2\/product_cat?post=8447"},{"taxonomy":"product_tag","embeddable":true,"href":"https:\/\/www.akeo.com.br\/produtos\/wp-json\/wp\/v2\/product_tag?post=8447"}],"curies":[{"name":"wp","href":"https:\/\/api.w.org\/{rel}","templated":true}]}}