{"id":8420,"date":"2025-02-13T14:00:38","date_gmt":"2025-02-13T17:00:38","guid":{"rendered":"https:\/\/www.akeo.com.br\/produtos\/?post_type=product&#038;p=8420"},"modified":"2025-10-28T10:45:31","modified_gmt":"2025-10-28T13:45:31","slug":"lapa-2","status":"publish","type":"product","link":"https:\/\/www.akeo.com.br\/produtos\/produto\/lapa-2\/","title":{"rendered":"Lapa"},"content":{"rendered":"","protected":false},"excerpt":{"rendered":"<p>Linearidade para ambientes modernos e alinhados com as tend\u00eancias. Com um olhar para o mobili\u00e1rio contempor\u00e2neo, Lapa surge para encantar pelos seus detalhes. Moderno e atemporal sua curvatura traz um toque de aconchego e requinte.<\/p>\n<p>DICA AKEO: Combine com o puxador Lapa.<\/p>\n","protected":false},"featured_media":8422,"comment_status":"closed","ping_status":"closed","template":"","meta":{"ngg_post_thumbnail":0},"product_cat":[35,36],"product_tag":[],"class_list":["post-8420","product","type-product","status-publish","has-post-thumbnail","hentry","product_cat-plastico","product_cat-apliques"],"acf":[],"_links":{"self":[{"href":"https:\/\/www.akeo.com.br\/produtos\/wp-json\/wp\/v2\/product\/8420","targetHints":{"allow":["GET"]}}],"collection":[{"href":"https:\/\/www.akeo.com.br\/produtos\/wp-json\/wp\/v2\/product"}],"about":[{"href":"https:\/\/www.akeo.com.br\/produtos\/wp-json\/wp\/v2\/types\/product"}],"replies":[{"embeddable":true,"href":"https:\/\/www.akeo.com.br\/produtos\/wp-json\/wp\/v2\/comments?post=8420"}],"wp:featuredmedia":[{"embeddable":true,"href":"https:\/\/www.akeo.com.br\/produtos\/wp-json\/wp\/v2\/media\/8422"}],"wp:attachment":[{"href":"https:\/\/www.akeo.com.br\/produtos\/wp-json\/wp\/v2\/media?parent=8420"}],"wp:term":[{"taxonomy":"product_cat","embeddable":true,"href":"https:\/\/www.akeo.com.br\/produtos\/wp-json\/wp\/v2\/product_cat?post=8420"},{"taxonomy":"product_tag","embeddable":true,"href":"https:\/\/www.akeo.com.br\/produtos\/wp-json\/wp\/v2\/product_tag?post=8420"}],"curies":[{"name":"wp","href":"https:\/\/api.w.org\/{rel}","templated":true}]}}