{"id":8401,"date":"2025-01-14T17:38:01","date_gmt":"2025-01-14T20:38:01","guid":{"rendered":"https:\/\/www.akeo.com.br\/produtos\/?post_type=product&#038;p=8401"},"modified":"2025-05-06T14:59:53","modified_gmt":"2025-05-06T17:59:53","slug":"cava-union-direito-e-esquerdo","status":"publish","type":"product","link":"https:\/\/www.akeo.com.br\/produtos\/produto\/cava-union-direito-e-esquerdo\/","title":{"rendered":"Cava Union direito e esquerdo"},"content":{"rendered":"","protected":false},"excerpt":{"rendered":"<p>A linha de acess\u00f3rios da Akeo ganha mais uma solu\u00e7\u00e3o surpreendente para a linha de puxadores de embutir. Dessa vez a cole\u00e7\u00e3o Harmonia entra no portf\u00f3lio para complementar os j\u00e1 conceituados puxadores. Essa nova cole\u00e7\u00e3o apresenta puxadores Cava que se destacam pelo design contempor\u00e2neo, funcionalidade e est\u00e9tica. As v\u00e1rias op\u00e7\u00f5es de acabamentos dispon\u00edveis na linha tornam os produtos ainda mais sofisticados e elegantes, al\u00e9m claro de tornar cada projeto \u00fanico para cada ambiente. Essa cole\u00e7\u00e3o cheia de tend\u00eancia promete transformar a est\u00e9tica de qualquer espa\u00e7o, unindo funcionalidade e estilo.<\/p>\n","protected":false},"featured_media":8402,"comment_status":"closed","ping_status":"closed","template":"","meta":{"ngg_post_thumbnail":0},"product_cat":[35,75,131,79,58],"product_tag":[],"class_list":["post-8401","product","type-product","status-publish","has-post-thumbnail","hentry","product_cat-plastico","product_cat-plastico-perfis","product_cat-perfis-de-topo","product_cat-plastico-puxadores","product_cat-puxadores-de-topo"],"acf":[],"_links":{"self":[{"href":"https:\/\/www.akeo.com.br\/produtos\/wp-json\/wp\/v2\/product\/8401","targetHints":{"allow":["GET"]}}],"collection":[{"href":"https:\/\/www.akeo.com.br\/produtos\/wp-json\/wp\/v2\/product"}],"about":[{"href":"https:\/\/www.akeo.com.br\/produtos\/wp-json\/wp\/v2\/types\/product"}],"replies":[{"embeddable":true,"href":"https:\/\/www.akeo.com.br\/produtos\/wp-json\/wp\/v2\/comments?post=8401"}],"wp:featuredmedia":[{"embeddable":true,"href":"https:\/\/www.akeo.com.br\/produtos\/wp-json\/wp\/v2\/media\/8402"}],"wp:attachment":[{"href":"https:\/\/www.akeo.com.br\/produtos\/wp-json\/wp\/v2\/media?parent=8401"}],"wp:term":[{"taxonomy":"product_cat","embeddable":true,"href":"https:\/\/www.akeo.com.br\/produtos\/wp-json\/wp\/v2\/product_cat?post=8401"},{"taxonomy":"product_tag","embeddable":true,"href":"https:\/\/www.akeo.com.br\/produtos\/wp-json\/wp\/v2\/product_tag?post=8401"}],"curies":[{"name":"wp","href":"https:\/\/api.w.org\/{rel}","templated":true}]}}