{"id":8369,"date":"2024-12-16T09:55:45","date_gmt":"2024-12-16T12:55:45","guid":{"rendered":"https:\/\/www.akeo.com.br\/produtos\/?post_type=product&#038;p=8369"},"modified":"2025-10-22T13:45:17","modified_gmt":"2025-10-22T16:45:17","slug":"viena","status":"publish","type":"product","link":"https:\/\/www.akeo.com.br\/produtos\/produto\/viena\/","title":{"rendered":"Viena"},"content":{"rendered":"","protected":false},"excerpt":{"rendered":"<p>Formado por um perfil em alum\u00ednio minimalista e ponteiras delicadas sua est\u00e9tica est\u00e1 voltada \u00e0 funcionalidade sendo coadjuvante no m\u00f3vel. Al\u00e9m disso, destaca-se pela sua pega extremamente ergon\u00f4mica, o que proporciona um manuseio confort\u00e1vel ao abrir portas e gavetas.<\/p>\n","protected":false},"featured_media":8371,"comment_status":"closed","ping_status":"closed","template":"","meta":{"ngg_post_thumbnail":0},"product_cat":[53,74,78,54],"product_tag":[],"class_list":["post-8369","product","type-product","status-publish","has-post-thumbnail","hentry","product_cat-aluminio","product_cat-aluminio-perfis","product_cat-aluminio-puxadores","product_cat-puxadores-alcas"],"acf":[],"_links":{"self":[{"href":"https:\/\/www.akeo.com.br\/produtos\/wp-json\/wp\/v2\/product\/8369","targetHints":{"allow":["GET"]}}],"collection":[{"href":"https:\/\/www.akeo.com.br\/produtos\/wp-json\/wp\/v2\/product"}],"about":[{"href":"https:\/\/www.akeo.com.br\/produtos\/wp-json\/wp\/v2\/types\/product"}],"replies":[{"embeddable":true,"href":"https:\/\/www.akeo.com.br\/produtos\/wp-json\/wp\/v2\/comments?post=8369"}],"wp:featuredmedia":[{"embeddable":true,"href":"https:\/\/www.akeo.com.br\/produtos\/wp-json\/wp\/v2\/media\/8371"}],"wp:attachment":[{"href":"https:\/\/www.akeo.com.br\/produtos\/wp-json\/wp\/v2\/media?parent=8369"}],"wp:term":[{"taxonomy":"product_cat","embeddable":true,"href":"https:\/\/www.akeo.com.br\/produtos\/wp-json\/wp\/v2\/product_cat?post=8369"},{"taxonomy":"product_tag","embeddable":true,"href":"https:\/\/www.akeo.com.br\/produtos\/wp-json\/wp\/v2\/product_tag?post=8369"}],"curies":[{"name":"wp","href":"https:\/\/api.w.org\/{rel}","templated":true}]}}