{"id":8327,"date":"2024-08-29T11:38:49","date_gmt":"2024-08-29T14:38:49","guid":{"rendered":"https:\/\/www.akeo.com.br\/produtos\/?post_type=product&#038;p=8327"},"modified":"2025-02-21T10:10:42","modified_gmt":"2025-02-21T13:10:42","slug":"cannes","status":"publish","type":"product","link":"https:\/\/www.akeo.com.br\/produtos\/produto\/cannes\/","title":{"rendered":"Cannes"},"content":{"rendered":"","protected":false},"excerpt":{"rendered":"<p>Forma aliada a fun\u00e7\u00e3o, assim nasce o puxador Cannes. Minimalista e delicado, este puxador traz muita personalidade para o m\u00f3vel. Seu design \u00fanico o torna uma pe\u00e7a coringa para projetos atemporais.<\/p>\n<p>Perfeito para chapa de 15mm ou 18mm.<\/p>\n","protected":false},"featured_media":8330,"comment_status":"closed","ping_status":"closed","template":"","meta":{"ngg_post_thumbnail":0},"product_cat":[35,79,58],"product_tag":[],"class_list":["post-8327","product","type-product","status-publish","has-post-thumbnail","hentry","product_cat-plastico","product_cat-plastico-puxadores","product_cat-puxadores-de-topo"],"acf":[],"_links":{"self":[{"href":"https:\/\/www.akeo.com.br\/produtos\/wp-json\/wp\/v2\/product\/8327","targetHints":{"allow":["GET"]}}],"collection":[{"href":"https:\/\/www.akeo.com.br\/produtos\/wp-json\/wp\/v2\/product"}],"about":[{"href":"https:\/\/www.akeo.com.br\/produtos\/wp-json\/wp\/v2\/types\/product"}],"replies":[{"embeddable":true,"href":"https:\/\/www.akeo.com.br\/produtos\/wp-json\/wp\/v2\/comments?post=8327"}],"wp:featuredmedia":[{"embeddable":true,"href":"https:\/\/www.akeo.com.br\/produtos\/wp-json\/wp\/v2\/media\/8330"}],"wp:attachment":[{"href":"https:\/\/www.akeo.com.br\/produtos\/wp-json\/wp\/v2\/media?parent=8327"}],"wp:term":[{"taxonomy":"product_cat","embeddable":true,"href":"https:\/\/www.akeo.com.br\/produtos\/wp-json\/wp\/v2\/product_cat?post=8327"},{"taxonomy":"product_tag","embeddable":true,"href":"https:\/\/www.akeo.com.br\/produtos\/wp-json\/wp\/v2\/product_tag?post=8327"}],"curies":[{"name":"wp","href":"https:\/\/api.w.org\/{rel}","templated":true}]}}