{"id":8303,"date":"2024-07-02T10:00:52","date_gmt":"2024-07-02T13:00:52","guid":{"rendered":"https:\/\/www.akeo.com.br\/produtos\/?post_type=product&#038;p=8303"},"modified":"2025-02-21T10:11:44","modified_gmt":"2025-02-21T13:11:44","slug":"nina","status":"publish","type":"product","link":"https:\/\/www.akeo.com.br\/produtos\/produto\/nina\/","title":{"rendered":"Nina"},"content":{"rendered":"","protected":false},"excerpt":{"rendered":"<p>O movimento das linhas curvas imprime personalidade \u00e0 pe\u00e7a. Com uma forte capacidade comunicativa, o Puxador Nina apresenta uma proposta moderna e contempor\u00e2nea A assimetria e o movimento das linhas que desenham o puxador garantem um visual elegante e harmonioso.<\/p>\n","protected":false},"featured_media":8284,"comment_status":"closed","ping_status":"closed","template":"","meta":{"ngg_post_thumbnail":0},"product_cat":[35,79,51],"product_tag":[],"class_list":["post-8303","product","type-product","status-publish","has-post-thumbnail","hentry","product_cat-plastico","product_cat-plastico-puxadores","product_cat-puxadores-alca"],"acf":[],"_links":{"self":[{"href":"https:\/\/www.akeo.com.br\/produtos\/wp-json\/wp\/v2\/product\/8303","targetHints":{"allow":["GET"]}}],"collection":[{"href":"https:\/\/www.akeo.com.br\/produtos\/wp-json\/wp\/v2\/product"}],"about":[{"href":"https:\/\/www.akeo.com.br\/produtos\/wp-json\/wp\/v2\/types\/product"}],"replies":[{"embeddable":true,"href":"https:\/\/www.akeo.com.br\/produtos\/wp-json\/wp\/v2\/comments?post=8303"}],"wp:featuredmedia":[{"embeddable":true,"href":"https:\/\/www.akeo.com.br\/produtos\/wp-json\/wp\/v2\/media\/8284"}],"wp:attachment":[{"href":"https:\/\/www.akeo.com.br\/produtos\/wp-json\/wp\/v2\/media?parent=8303"}],"wp:term":[{"taxonomy":"product_cat","embeddable":true,"href":"https:\/\/www.akeo.com.br\/produtos\/wp-json\/wp\/v2\/product_cat?post=8303"},{"taxonomy":"product_tag","embeddable":true,"href":"https:\/\/www.akeo.com.br\/produtos\/wp-json\/wp\/v2\/product_tag?post=8303"}],"curies":[{"name":"wp","href":"https:\/\/api.w.org\/{rel}","templated":true}]}}