{"id":8292,"date":"2024-07-02T10:00:42","date_gmt":"2024-07-02T13:00:42","guid":{"rendered":"https:\/\/www.akeo.com.br\/produtos\/?post_type=product&#038;p=8292"},"modified":"2025-10-28T10:39:49","modified_gmt":"2025-10-28T13:39:49","slug":"georgia","status":"publish","type":"product","link":"https:\/\/www.akeo.com.br\/produtos\/produto\/georgia\/","title":{"rendered":"Ge\u00f3rgia"},"content":{"rendered":"","protected":false},"excerpt":{"rendered":"<p>Linhas s\u00f3brias, elegantes e harm\u00f4nicas destinadas a durar no tempo. Esta \u00e9 a concep\u00e7\u00e3o do puxador Ge\u00f3riga. Originado de uma leitura do gosto por artefatos limpos, retos e funcionais, Ge\u00f3rgia surge para compor os mais variados estilos de decora\u00e7\u00e3o.<\/p>\n","protected":false},"featured_media":8267,"comment_status":"closed","ping_status":"closed","template":"","meta":{"ngg_post_thumbnail":0},"product_cat":[35,79,51],"product_tag":[],"class_list":["post-8292","product","type-product","status-publish","has-post-thumbnail","hentry","product_cat-plastico","product_cat-plastico-puxadores","product_cat-puxadores-alca"],"acf":[],"_links":{"self":[{"href":"https:\/\/www.akeo.com.br\/produtos\/wp-json\/wp\/v2\/product\/8292","targetHints":{"allow":["GET"]}}],"collection":[{"href":"https:\/\/www.akeo.com.br\/produtos\/wp-json\/wp\/v2\/product"}],"about":[{"href":"https:\/\/www.akeo.com.br\/produtos\/wp-json\/wp\/v2\/types\/product"}],"replies":[{"embeddable":true,"href":"https:\/\/www.akeo.com.br\/produtos\/wp-json\/wp\/v2\/comments?post=8292"}],"wp:featuredmedia":[{"embeddable":true,"href":"https:\/\/www.akeo.com.br\/produtos\/wp-json\/wp\/v2\/media\/8267"}],"wp:attachment":[{"href":"https:\/\/www.akeo.com.br\/produtos\/wp-json\/wp\/v2\/media?parent=8292"}],"wp:term":[{"taxonomy":"product_cat","embeddable":true,"href":"https:\/\/www.akeo.com.br\/produtos\/wp-json\/wp\/v2\/product_cat?post=8292"},{"taxonomy":"product_tag","embeddable":true,"href":"https:\/\/www.akeo.com.br\/produtos\/wp-json\/wp\/v2\/product_tag?post=8292"}],"curies":[{"name":"wp","href":"https:\/\/api.w.org\/{rel}","templated":true}]}}