{"id":8248,"date":"2024-07-02T10:00:36","date_gmt":"2024-07-02T13:00:36","guid":{"rendered":"https:\/\/www.akeo.com.br\/produtos\/?post_type=product&#038;p=8248"},"modified":"2025-10-28T10:40:38","modified_gmt":"2025-10-28T13:40:38","slug":"organic","status":"publish","type":"product","link":"https:\/\/www.akeo.com.br\/produtos\/produto\/organic\/","title":{"rendered":"Organic"},"content":{"rendered":"","protected":false},"excerpt":{"rendered":"<p>O puxador Organic com seu design marcante e linhas org\u00e2nicas se destaca pela sua personalidade, cria conex\u00e3o visual e sentimental. Uma pe\u00e7a para promover sofistica\u00e7\u00e3o e harmonia para compor o ambiente. Acess\u00f3rios que criam mem\u00f3rias.<\/p>\n","protected":false},"featured_media":8254,"comment_status":"closed","ping_status":"closed","template":"","meta":{"ngg_post_thumbnail":0},"product_cat":[35,79,133],"product_tag":[],"class_list":["post-8248","product","type-product","status-publish","has-post-thumbnail","hentry","product_cat-plastico","product_cat-plastico-puxadores","product_cat-puxadores-pontuais"],"acf":[],"_links":{"self":[{"href":"https:\/\/www.akeo.com.br\/produtos\/wp-json\/wp\/v2\/product\/8248","targetHints":{"allow":["GET"]}}],"collection":[{"href":"https:\/\/www.akeo.com.br\/produtos\/wp-json\/wp\/v2\/product"}],"about":[{"href":"https:\/\/www.akeo.com.br\/produtos\/wp-json\/wp\/v2\/types\/product"}],"replies":[{"embeddable":true,"href":"https:\/\/www.akeo.com.br\/produtos\/wp-json\/wp\/v2\/comments?post=8248"}],"wp:featuredmedia":[{"embeddable":true,"href":"https:\/\/www.akeo.com.br\/produtos\/wp-json\/wp\/v2\/media\/8254"}],"wp:attachment":[{"href":"https:\/\/www.akeo.com.br\/produtos\/wp-json\/wp\/v2\/media?parent=8248"}],"wp:term":[{"taxonomy":"product_cat","embeddable":true,"href":"https:\/\/www.akeo.com.br\/produtos\/wp-json\/wp\/v2\/product_cat?post=8248"},{"taxonomy":"product_tag","embeddable":true,"href":"https:\/\/www.akeo.com.br\/produtos\/wp-json\/wp\/v2\/product_tag?post=8248"}],"curies":[{"name":"wp","href":"https:\/\/api.w.org\/{rel}","templated":true}]}}