{"id":8213,"date":"2024-02-08T17:10:33","date_gmt":"2024-02-08T20:10:33","guid":{"rendered":"https:\/\/www.akeo.com.br\/produtos\/?post_type=product&#038;p=8213"},"modified":"2025-02-21T10:13:43","modified_gmt":"2025-02-21T13:13:43","slug":"palha-indiana-g","status":"publish","type":"product","link":"https:\/\/www.akeo.com.br\/produtos\/produto\/palha-indiana-g\/","title":{"rendered":"Palha Indiana G"},"content":{"rendered":"","protected":false},"excerpt":{"rendered":"<p>A Cole\u00e7\u00e3o Mem\u00f3rias da Akeo traz toda a beleza e eleg\u00e2ncia da Palha Indiana em puxadores e apliques para compor os mais variados projetos. Nosso objetivo \u00e9 disponibilizar para os nossos clientes produtos com design, est\u00e9tica e funcionalidade com pre\u00e7o competitivo.<\/p>\n<p>&nbsp;<\/p>\n<p>PERSONALIZE O TAMANHO QUE\u00a0 MELHOR SE ADAPTA AO SEU PROJETO!<\/p>\n","protected":false},"featured_media":8217,"comment_status":"closed","ping_status":"closed","template":"","meta":{"ngg_post_thumbnail":0},"product_cat":[35,36],"product_tag":[],"class_list":["post-8213","product","type-product","status-publish","has-post-thumbnail","hentry","product_cat-plastico","product_cat-apliques"],"acf":[],"_links":{"self":[{"href":"https:\/\/www.akeo.com.br\/produtos\/wp-json\/wp\/v2\/product\/8213","targetHints":{"allow":["GET"]}}],"collection":[{"href":"https:\/\/www.akeo.com.br\/produtos\/wp-json\/wp\/v2\/product"}],"about":[{"href":"https:\/\/www.akeo.com.br\/produtos\/wp-json\/wp\/v2\/types\/product"}],"replies":[{"embeddable":true,"href":"https:\/\/www.akeo.com.br\/produtos\/wp-json\/wp\/v2\/comments?post=8213"}],"wp:featuredmedia":[{"embeddable":true,"href":"https:\/\/www.akeo.com.br\/produtos\/wp-json\/wp\/v2\/media\/8217"}],"wp:attachment":[{"href":"https:\/\/www.akeo.com.br\/produtos\/wp-json\/wp\/v2\/media?parent=8213"}],"wp:term":[{"taxonomy":"product_cat","embeddable":true,"href":"https:\/\/www.akeo.com.br\/produtos\/wp-json\/wp\/v2\/product_cat?post=8213"},{"taxonomy":"product_tag","embeddable":true,"href":"https:\/\/www.akeo.com.br\/produtos\/wp-json\/wp\/v2\/product_tag?post=8213"}],"curies":[{"name":"wp","href":"https:\/\/api.w.org\/{rel}","templated":true}]}}