{"id":8191,"date":"2023-08-14T15:19:29","date_gmt":"2023-08-14T18:19:29","guid":{"rendered":"https:\/\/www.akeo.com.br\/produtos\/?post_type=product&#038;p=8191"},"modified":"2026-02-19T09:41:44","modified_gmt":"2026-02-19T12:41:44","slug":"palha-indiana-p","status":"publish","type":"product","link":"https:\/\/www.akeo.com.br\/produtos\/produto\/palha-indiana-p\/","title":{"rendered":"Palha Indiana P"},"content":{"rendered":"","protected":false},"excerpt":{"rendered":"<p>A Cole\u00e7\u00e3o Mem\u00f3rias da Akeo traz toda a beleza e eleg\u00e2ncia da Palha Indiana em puxadores e apliques para compor os mais variados projetos. Nosso objetivo \u00e9 disponibilizar para os nossos clientes produtos com design, est\u00e9tica e funcionalidade com pre\u00e7o competitivo.<\/p>\n","protected":false},"featured_media":8192,"comment_status":"closed","ping_status":"closed","template":"","meta":{"ngg_post_thumbnail":0},"product_cat":[140,35,36],"product_tag":[],"class_list":["post-8191","product","type-product","status-publish","has-post-thumbnail","hentry","product_cat-apliques-palha","product_cat-plastico","product_cat-apliques"],"acf":[],"_links":{"self":[{"href":"https:\/\/www.akeo.com.br\/produtos\/wp-json\/wp\/v2\/product\/8191","targetHints":{"allow":["GET"]}}],"collection":[{"href":"https:\/\/www.akeo.com.br\/produtos\/wp-json\/wp\/v2\/product"}],"about":[{"href":"https:\/\/www.akeo.com.br\/produtos\/wp-json\/wp\/v2\/types\/product"}],"replies":[{"embeddable":true,"href":"https:\/\/www.akeo.com.br\/produtos\/wp-json\/wp\/v2\/comments?post=8191"}],"wp:featuredmedia":[{"embeddable":true,"href":"https:\/\/www.akeo.com.br\/produtos\/wp-json\/wp\/v2\/media\/8192"}],"wp:attachment":[{"href":"https:\/\/www.akeo.com.br\/produtos\/wp-json\/wp\/v2\/media?parent=8191"}],"wp:term":[{"taxonomy":"product_cat","embeddable":true,"href":"https:\/\/www.akeo.com.br\/produtos\/wp-json\/wp\/v2\/product_cat?post=8191"},{"taxonomy":"product_tag","embeddable":true,"href":"https:\/\/www.akeo.com.br\/produtos\/wp-json\/wp\/v2\/product_tag?post=8191"}],"curies":[{"name":"wp","href":"https:\/\/api.w.org\/{rel}","templated":true}]}}