{"id":8183,"date":"2023-08-10T10:19:58","date_gmt":"2023-08-10T13:19:58","guid":{"rendered":"https:\/\/www.akeo.com.br\/produtos\/?post_type=product&#038;p=8183"},"modified":"2024-05-24T15:38:17","modified_gmt":"2024-05-24T18:38:17","slug":"river","status":"publish","type":"product","link":"https:\/\/www.akeo.com.br\/produtos\/produto\/river\/","title":{"rendered":"River"},"content":{"rendered":"","protected":false},"excerpt":{"rendered":"<p>Um puxador em perfil de alum\u00ednio com design exclusivo. Linhas leves e formas angulares somados a um friso central que percorre do perfil at\u00e9 a ponteira , cria uma unidade formal. Sua est\u00e9tica \u00fanica, aliada \u00e0 praticidade e resist\u00eancia do alum\u00ednio, torna o puxador River uma escolha atraente para aqueles que procuram inovar em sua decora\u00e7\u00e3o ou criar uma atmosf\u00e9ra sofisticada em seus espa\u00e7os.<\/p>\n","protected":false},"featured_media":8184,"comment_status":"closed","ping_status":"closed","template":"","meta":{"ngg_post_thumbnail":0},"product_cat":[53,78,54],"product_tag":[],"class_list":["post-8183","product","type-product","status-publish","has-post-thumbnail","hentry","product_cat-aluminio","product_cat-aluminio-puxadores","product_cat-puxadores-alcas"],"acf":[],"_links":{"self":[{"href":"https:\/\/www.akeo.com.br\/produtos\/wp-json\/wp\/v2\/product\/8183","targetHints":{"allow":["GET"]}}],"collection":[{"href":"https:\/\/www.akeo.com.br\/produtos\/wp-json\/wp\/v2\/product"}],"about":[{"href":"https:\/\/www.akeo.com.br\/produtos\/wp-json\/wp\/v2\/types\/product"}],"replies":[{"embeddable":true,"href":"https:\/\/www.akeo.com.br\/produtos\/wp-json\/wp\/v2\/comments?post=8183"}],"wp:featuredmedia":[{"embeddable":true,"href":"https:\/\/www.akeo.com.br\/produtos\/wp-json\/wp\/v2\/media\/8184"}],"wp:attachment":[{"href":"https:\/\/www.akeo.com.br\/produtos\/wp-json\/wp\/v2\/media?parent=8183"}],"wp:term":[{"taxonomy":"product_cat","embeddable":true,"href":"https:\/\/www.akeo.com.br\/produtos\/wp-json\/wp\/v2\/product_cat?post=8183"},{"taxonomy":"product_tag","embeddable":true,"href":"https:\/\/www.akeo.com.br\/produtos\/wp-json\/wp\/v2\/product_tag?post=8183"}],"curies":[{"name":"wp","href":"https:\/\/api.w.org\/{rel}","templated":true}]}}