{"id":8167,"date":"2023-08-08T17:12:58","date_gmt":"2023-08-08T20:12:58","guid":{"rendered":"https:\/\/www.akeo.com.br\/produtos\/?post_type=product&#038;p=8167"},"modified":"2024-05-24T14:49:31","modified_gmt":"2024-05-24T17:49:31","slug":"luna","status":"publish","type":"product","link":"https:\/\/www.akeo.com.br\/produtos\/produto\/luna\/","title":{"rendered":"Luna"},"content":{"rendered":"","protected":false},"excerpt":{"rendered":"<p>O puxador Luna vem de um conceito de design que combina o formato ergon\u00f4mico em meia lua com um aplique que remete a palha indiana. Essa \u00e9 uma das grandes tend\u00eancias na decora\u00e7\u00e3o. Sua forma permite criar composi\u00e7\u00f5es e desenhos circulares al\u00e9m de caracterizar estilos pela diversidade de composi\u00e7\u00e3o de acabamentos entre base e aplique. Uma experi\u00eancia de uso com uma sensa\u00e7\u00e3o de nostalgia e conex\u00e3o emocional.<\/p>\n","protected":false},"featured_media":8168,"comment_status":"closed","ping_status":"closed","template":"","meta":{"ngg_post_thumbnail":0},"product_cat":[35,79,51],"product_tag":[],"class_list":["post-8167","product","type-product","status-publish","has-post-thumbnail","hentry","product_cat-plastico","product_cat-plastico-puxadores","product_cat-puxadores-alca"],"acf":[],"_links":{"self":[{"href":"https:\/\/www.akeo.com.br\/produtos\/wp-json\/wp\/v2\/product\/8167","targetHints":{"allow":["GET"]}}],"collection":[{"href":"https:\/\/www.akeo.com.br\/produtos\/wp-json\/wp\/v2\/product"}],"about":[{"href":"https:\/\/www.akeo.com.br\/produtos\/wp-json\/wp\/v2\/types\/product"}],"replies":[{"embeddable":true,"href":"https:\/\/www.akeo.com.br\/produtos\/wp-json\/wp\/v2\/comments?post=8167"}],"wp:featuredmedia":[{"embeddable":true,"href":"https:\/\/www.akeo.com.br\/produtos\/wp-json\/wp\/v2\/media\/8168"}],"wp:attachment":[{"href":"https:\/\/www.akeo.com.br\/produtos\/wp-json\/wp\/v2\/media?parent=8167"}],"wp:term":[{"taxonomy":"product_cat","embeddable":true,"href":"https:\/\/www.akeo.com.br\/produtos\/wp-json\/wp\/v2\/product_cat?post=8167"},{"taxonomy":"product_tag","embeddable":true,"href":"https:\/\/www.akeo.com.br\/produtos\/wp-json\/wp\/v2\/product_tag?post=8167"}],"curies":[{"name":"wp","href":"https:\/\/api.w.org\/{rel}","templated":true}]}}