{"id":8159,"date":"2023-08-08T15:50:39","date_gmt":"2023-08-08T18:50:39","guid":{"rendered":"https:\/\/www.akeo.com.br\/produtos\/?post_type=product&#038;p=8159"},"modified":"2026-02-19T09:52:21","modified_gmt":"2026-02-19T12:52:21","slug":"dressa","status":"publish","type":"product","link":"https:\/\/www.akeo.com.br\/produtos\/produto\/dressa\/","title":{"rendered":"Dressa"},"content":{"rendered":"","protected":false},"excerpt":{"rendered":"<p>O puxador Dressa \u00e9 um encantador puxador em formato de al\u00e7a com um aplique central que imita a textura e apar\u00eancia da palha indiana. Esse design evoca uma sensa\u00e7\u00e3o de mem\u00f3rias e nostalgia, criando um ambiente acolhedor e convidativo. Sua caracter\u00edstica vers\u00e1til permite combina\u00e7\u00e3o de acabamentos entre a base e o aplique, possibilitando a personaliza\u00e7\u00e3o de acordo com o estilo e prefer\u00eancias do usu\u00e1rio. Al\u00e9m disso, o puxador Dressa pode ser facilmente combinado com outros modelos que seguem o mesmo conceito, o que permite a cria\u00e7\u00e3o de uma atmosf\u00e9ra coesa e harmoniosa em todo o espa\u00e7o.<\/p>\n","protected":false},"featured_media":8160,"comment_status":"closed","ping_status":"closed","template":"","meta":{"ngg_post_thumbnail":0},"product_cat":[35,79,51],"product_tag":[],"class_list":["post-8159","product","type-product","status-publish","has-post-thumbnail","hentry","product_cat-plastico","product_cat-plastico-puxadores","product_cat-puxadores-alca"],"acf":[],"_links":{"self":[{"href":"https:\/\/www.akeo.com.br\/produtos\/wp-json\/wp\/v2\/product\/8159","targetHints":{"allow":["GET"]}}],"collection":[{"href":"https:\/\/www.akeo.com.br\/produtos\/wp-json\/wp\/v2\/product"}],"about":[{"href":"https:\/\/www.akeo.com.br\/produtos\/wp-json\/wp\/v2\/types\/product"}],"replies":[{"embeddable":true,"href":"https:\/\/www.akeo.com.br\/produtos\/wp-json\/wp\/v2\/comments?post=8159"}],"wp:featuredmedia":[{"embeddable":true,"href":"https:\/\/www.akeo.com.br\/produtos\/wp-json\/wp\/v2\/media\/8160"}],"wp:attachment":[{"href":"https:\/\/www.akeo.com.br\/produtos\/wp-json\/wp\/v2\/media?parent=8159"}],"wp:term":[{"taxonomy":"product_cat","embeddable":true,"href":"https:\/\/www.akeo.com.br\/produtos\/wp-json\/wp\/v2\/product_cat?post=8159"},{"taxonomy":"product_tag","embeddable":true,"href":"https:\/\/www.akeo.com.br\/produtos\/wp-json\/wp\/v2\/product_tag?post=8159"}],"curies":[{"name":"wp","href":"https:\/\/api.w.org\/{rel}","templated":true}]}}