{"id":8145,"date":"2023-07-26T11:53:22","date_gmt":"2023-07-26T14:53:22","guid":{"rendered":"https:\/\/www.akeo.com.br\/produtos\/?post_type=product&#038;p=8145"},"modified":"2024-05-24T15:19:49","modified_gmt":"2024-05-24T18:19:49","slug":"louvre","status":"publish","type":"product","link":"https:\/\/www.akeo.com.br\/produtos\/produto\/louvre\/","title":{"rendered":"Louvre"},"content":{"rendered":"","protected":false},"excerpt":{"rendered":"<p>O puxador Louvre \u00e9 uma escolha vers\u00e1til e estilosa para m\u00f3veis, portas e gavetas. Com linhas curvas e rebaixe geom\u00e9trico, transmite eleg\u00e2ncia e sofistica\u00e7\u00e3o. Seu canal central com textura recartilhada proporciona uma sensa\u00e7\u00e3o t\u00e1til interessante. Destaca-se pela pega ergon\u00f4mica, facilitando o manuseio, e a possibilidade de combina\u00e7\u00e3o com outros puxadores de igual textura. Adequa-se a diferentes estilos, seu design simples, por\u00e9m detalhado, torna-o exclusivo. Com fura\u00e7\u00e3o padr\u00e3o de 128\/160mm e design alongado \u00e9 ideal para quem busca solu\u00e7\u00f5es elegantes e ergon\u00f4micas, adaptando-se harmoniosamente a diferentes tipos de m\u00f3veis.<\/p>\n","protected":false},"featured_media":8149,"comment_status":"closed","ping_status":"closed","template":"","meta":{"ngg_post_thumbnail":0},"product_cat":[35,79,51],"product_tag":[],"class_list":["post-8145","product","type-product","status-publish","has-post-thumbnail","hentry","product_cat-plastico","product_cat-plastico-puxadores","product_cat-puxadores-alca"],"acf":[],"_links":{"self":[{"href":"https:\/\/www.akeo.com.br\/produtos\/wp-json\/wp\/v2\/product\/8145","targetHints":{"allow":["GET"]}}],"collection":[{"href":"https:\/\/www.akeo.com.br\/produtos\/wp-json\/wp\/v2\/product"}],"about":[{"href":"https:\/\/www.akeo.com.br\/produtos\/wp-json\/wp\/v2\/types\/product"}],"replies":[{"embeddable":true,"href":"https:\/\/www.akeo.com.br\/produtos\/wp-json\/wp\/v2\/comments?post=8145"}],"wp:featuredmedia":[{"embeddable":true,"href":"https:\/\/www.akeo.com.br\/produtos\/wp-json\/wp\/v2\/media\/8149"}],"wp:attachment":[{"href":"https:\/\/www.akeo.com.br\/produtos\/wp-json\/wp\/v2\/media?parent=8145"}],"wp:term":[{"taxonomy":"product_cat","embeddable":true,"href":"https:\/\/www.akeo.com.br\/produtos\/wp-json\/wp\/v2\/product_cat?post=8145"},{"taxonomy":"product_tag","embeddable":true,"href":"https:\/\/www.akeo.com.br\/produtos\/wp-json\/wp\/v2\/product_tag?post=8145"}],"curies":[{"name":"wp","href":"https:\/\/api.w.org\/{rel}","templated":true}]}}