{"id":8136,"date":"2023-07-25T18:57:13","date_gmt":"2023-07-25T21:57:13","guid":{"rendered":"https:\/\/www.akeo.com.br\/produtos\/?post_type=product&#038;p=8136"},"modified":"2024-05-24T15:32:48","modified_gmt":"2024-05-24T18:32:48","slug":"mozart","status":"publish","type":"product","link":"https:\/\/www.akeo.com.br\/produtos\/produto\/mozart\/","title":{"rendered":"Mozart"},"content":{"rendered":"","protected":false},"excerpt":{"rendered":"<p>Como a mesma intensidade da m\u00fasica cl\u00e1ssica, o Pux. Mozart \u00e9 uma pe\u00e7a memor\u00e1vel e sua aplica\u00e7\u00e3o pode ser explorada tanto na vertical como na horizontal, sendo uma alternativa diferente para projetos modernos.<\/p>\n<p>O elemento lateral da pega com um detalhe oblongo longil\u00edneo traduz um formato que j\u00e1 \u00e9 tend\u00eancia para detalhes e formas do mobili\u00e1rio e o acess\u00f3rio tende a evidenciar esses tra\u00e7os.<\/p>\n","protected":false},"featured_media":8138,"comment_status":"closed","ping_status":"closed","template":"","meta":{"ngg_post_thumbnail":0},"product_cat":[35,75,42],"product_tag":[],"class_list":["post-8136","product","type-product","status-publish","has-post-thumbnail","hentry","product_cat-plastico","product_cat-plastico-perfis","product_cat-perfis-puxadores-e-decorativos"],"acf":[],"_links":{"self":[{"href":"https:\/\/www.akeo.com.br\/produtos\/wp-json\/wp\/v2\/product\/8136","targetHints":{"allow":["GET"]}}],"collection":[{"href":"https:\/\/www.akeo.com.br\/produtos\/wp-json\/wp\/v2\/product"}],"about":[{"href":"https:\/\/www.akeo.com.br\/produtos\/wp-json\/wp\/v2\/types\/product"}],"replies":[{"embeddable":true,"href":"https:\/\/www.akeo.com.br\/produtos\/wp-json\/wp\/v2\/comments?post=8136"}],"wp:featuredmedia":[{"embeddable":true,"href":"https:\/\/www.akeo.com.br\/produtos\/wp-json\/wp\/v2\/media\/8138"}],"wp:attachment":[{"href":"https:\/\/www.akeo.com.br\/produtos\/wp-json\/wp\/v2\/media?parent=8136"}],"wp:term":[{"taxonomy":"product_cat","embeddable":true,"href":"https:\/\/www.akeo.com.br\/produtos\/wp-json\/wp\/v2\/product_cat?post=8136"},{"taxonomy":"product_tag","embeddable":true,"href":"https:\/\/www.akeo.com.br\/produtos\/wp-json\/wp\/v2\/product_tag?post=8136"}],"curies":[{"name":"wp","href":"https:\/\/api.w.org\/{rel}","templated":true}]}}