{"id":8127,"date":"2023-07-25T18:31:48","date_gmt":"2023-07-25T21:31:48","guid":{"rendered":"https:\/\/www.akeo.com.br\/produtos\/?post_type=product&#038;p=8127"},"modified":"2024-05-24T15:20:47","modified_gmt":"2024-05-24T18:20:47","slug":"forja","status":"publish","type":"product","link":"https:\/\/www.akeo.com.br\/produtos\/produto\/forja\/","title":{"rendered":"Forja"},"content":{"rendered":"","protected":false},"excerpt":{"rendered":"<p>O puxador Forja \u00e9 uma pe\u00e7a que recebe esse nome devido ao seu desenho que evoca a apar\u00eancia de uma pe\u00e7a forjada no fogo. Esse puxador apresenta varia\u00e7\u00e3o de dimens\u00e3o entre base e pega trazendo \u00e0 tona suas formas org\u00e2nicas e distintas, conferindo personalidade ao mobili\u00e1rio onde \u00e9 aplicado. A luz que percorre as suas curvas, real\u00e7a sua est\u00e9tica e adiciona um aspecto visual cativante, destacando-se como uma pe\u00e7a de destaque em qualquer espa\u00e7o. Al\u00e9m disso, o puxador Forja \u00e9 projetado com uma dupla fura\u00e7\u00e3o, o que o torna vers\u00e1til e compat\u00edvel com diferentes tipos de m\u00f3veis.<\/p>\n","protected":false},"featured_media":8135,"comment_status":"closed","ping_status":"closed","template":"","meta":{"ngg_post_thumbnail":0},"product_cat":[35,79,51],"product_tag":[],"class_list":["post-8127","product","type-product","status-publish","has-post-thumbnail","hentry","product_cat-plastico","product_cat-plastico-puxadores","product_cat-puxadores-alca"],"acf":[],"_links":{"self":[{"href":"https:\/\/www.akeo.com.br\/produtos\/wp-json\/wp\/v2\/product\/8127","targetHints":{"allow":["GET"]}}],"collection":[{"href":"https:\/\/www.akeo.com.br\/produtos\/wp-json\/wp\/v2\/product"}],"about":[{"href":"https:\/\/www.akeo.com.br\/produtos\/wp-json\/wp\/v2\/types\/product"}],"replies":[{"embeddable":true,"href":"https:\/\/www.akeo.com.br\/produtos\/wp-json\/wp\/v2\/comments?post=8127"}],"wp:featuredmedia":[{"embeddable":true,"href":"https:\/\/www.akeo.com.br\/produtos\/wp-json\/wp\/v2\/media\/8135"}],"wp:attachment":[{"href":"https:\/\/www.akeo.com.br\/produtos\/wp-json\/wp\/v2\/media?parent=8127"}],"wp:term":[{"taxonomy":"product_cat","embeddable":true,"href":"https:\/\/www.akeo.com.br\/produtos\/wp-json\/wp\/v2\/product_cat?post=8127"},{"taxonomy":"product_tag","embeddable":true,"href":"https:\/\/www.akeo.com.br\/produtos\/wp-json\/wp\/v2\/product_tag?post=8127"}],"curies":[{"name":"wp","href":"https:\/\/api.w.org\/{rel}","templated":true}]}}