{"id":8119,"date":"2023-07-25T18:27:05","date_gmt":"2023-07-25T21:27:05","guid":{"rendered":"https:\/\/www.akeo.com.br\/produtos\/?post_type=product&#038;p=8119"},"modified":"2026-02-19T09:36:34","modified_gmt":"2026-02-19T12:36:34","slug":"bend","status":"publish","type":"product","link":"https:\/\/www.akeo.com.br\/produtos\/produto\/bend\/","title":{"rendered":"Bend"},"content":{"rendered":"","protected":false},"excerpt":{"rendered":"<p>Moderno e minimalista s\u00e3o caracter\u00edsticas do Perfil Puxador Bend. Um perfil extrusado com design, dentro do conceito das linhas retas. Al\u00e9m disso, a curvatura do perfil, para a pega, pode ser facilmente personalizado. Bend \u00e9 um produto que garante v\u00e1rias possibilidades de aplica\u00e7\u00f5es no m\u00f3vel. Com certeza n\u00e3o vai passar despercebido.<\/p>\n","protected":false},"featured_media":8144,"comment_status":"closed","ping_status":"closed","template":"","meta":{"ngg_post_thumbnail":0},"product_cat":[35,75,42],"product_tag":[],"class_list":["post-8119","product","type-product","status-publish","has-post-thumbnail","hentry","product_cat-plastico","product_cat-plastico-perfis","product_cat-perfis-puxadores-e-decorativos"],"acf":[],"_links":{"self":[{"href":"https:\/\/www.akeo.com.br\/produtos\/wp-json\/wp\/v2\/product\/8119","targetHints":{"allow":["GET"]}}],"collection":[{"href":"https:\/\/www.akeo.com.br\/produtos\/wp-json\/wp\/v2\/product"}],"about":[{"href":"https:\/\/www.akeo.com.br\/produtos\/wp-json\/wp\/v2\/types\/product"}],"replies":[{"embeddable":true,"href":"https:\/\/www.akeo.com.br\/produtos\/wp-json\/wp\/v2\/comments?post=8119"}],"wp:featuredmedia":[{"embeddable":true,"href":"https:\/\/www.akeo.com.br\/produtos\/wp-json\/wp\/v2\/media\/8144"}],"wp:attachment":[{"href":"https:\/\/www.akeo.com.br\/produtos\/wp-json\/wp\/v2\/media?parent=8119"}],"wp:term":[{"taxonomy":"product_cat","embeddable":true,"href":"https:\/\/www.akeo.com.br\/produtos\/wp-json\/wp\/v2\/product_cat?post=8119"},{"taxonomy":"product_tag","embeddable":true,"href":"https:\/\/www.akeo.com.br\/produtos\/wp-json\/wp\/v2\/product_tag?post=8119"}],"curies":[{"name":"wp","href":"https:\/\/api.w.org\/{rel}","templated":true}]}}