{"id":8078,"date":"2023-05-05T15:08:57","date_gmt":"2023-05-05T18:08:57","guid":{"rendered":"https:\/\/www.akeo.com.br\/produtos\/?post_type=product&#038;p=8078"},"modified":"2023-07-25T17:51:40","modified_gmt":"2023-07-25T20:51:40","slug":"sophia","status":"publish","type":"product","link":"https:\/\/www.akeo.com.br\/produtos\/produto\/sophia\/","title":{"rendered":"Sophia"},"content":{"rendered":"<p>Os detalhes e a ousadia em aplicar materiais, acabamentos ou textura tornam os produtos singulares. Nesse contexto trouxemos para a linha retr\u00f4 mais um diferencial. A aplica\u00e7\u00e3o de textura no puxador Sophia o torna \u00fanico e com grande apelo visual para os ambientes.<\/p>\n","protected":false},"excerpt":{"rendered":"<p>Os detalhes e a ousadia em aplicar materiais, acabamentos ou textura tornam os produtos singulares. Nesse contexto trouxemos para a linha retr\u00f4 mais um diferencial. A aplica\u00e7\u00e3o de textura no puxador Sophia o torna \u00fanico e com grande apelo visual para os ambientes.<\/p>\n","protected":false},"featured_media":8081,"comment_status":"closed","ping_status":"closed","template":"","meta":{"ngg_post_thumbnail":0},"product_cat":[35,79,133],"product_tag":[],"class_list":["post-8078","product","type-product","status-publish","has-post-thumbnail","hentry","product_cat-plastico","product_cat-plastico-puxadores","product_cat-puxadores-pontuais"],"acf":[],"_links":{"self":[{"href":"https:\/\/www.akeo.com.br\/produtos\/wp-json\/wp\/v2\/product\/8078","targetHints":{"allow":["GET"]}}],"collection":[{"href":"https:\/\/www.akeo.com.br\/produtos\/wp-json\/wp\/v2\/product"}],"about":[{"href":"https:\/\/www.akeo.com.br\/produtos\/wp-json\/wp\/v2\/types\/product"}],"replies":[{"embeddable":true,"href":"https:\/\/www.akeo.com.br\/produtos\/wp-json\/wp\/v2\/comments?post=8078"}],"wp:featuredmedia":[{"embeddable":true,"href":"https:\/\/www.akeo.com.br\/produtos\/wp-json\/wp\/v2\/media\/8081"}],"wp:attachment":[{"href":"https:\/\/www.akeo.com.br\/produtos\/wp-json\/wp\/v2\/media?parent=8078"}],"wp:term":[{"taxonomy":"product_cat","embeddable":true,"href":"https:\/\/www.akeo.com.br\/produtos\/wp-json\/wp\/v2\/product_cat?post=8078"},{"taxonomy":"product_tag","embeddable":true,"href":"https:\/\/www.akeo.com.br\/produtos\/wp-json\/wp\/v2\/product_tag?post=8078"}],"curies":[{"name":"wp","href":"https:\/\/api.w.org\/{rel}","templated":true}]}}