{"id":7988,"date":"2023-02-22T21:05:12","date_gmt":"2023-02-23T00:05:12","guid":{"rendered":"https:\/\/www.akeo.com.br\/wordpress\/?post_type=product&#038;p=7988"},"modified":"2024-12-16T09:43:47","modified_gmt":"2024-12-16T12:43:47","slug":"nis","status":"publish","type":"product","link":"https:\/\/www.akeo.com.br\/produtos\/produto\/nis\/","title":{"rendered":"Nis (chapa 15mm) \/ Neo (chapa 18mm)"},"content":{"rendered":"<div class=\"container videos-pagina-produto\">\n<div class=\"row\">\n<div class=\"col-lg-12\">\n<h4>Confira o v\u00eddeo de apresenta\u00e7\u00e3o:<\/h4>\n<p><iframe loading=\"lazy\" title=\"YouTube video player\" src=\"https:\/\/www.youtube.com\/embed\/BHXigWKe4m0\" width=\"100%\" height=\"500\" frameborder=\"0\" allowfullscreen=\"allowfullscreen\"><span data-mce-type=\"bookmark\" style=\"display: inline-block; width: 0px; overflow: hidden; line-height: 0;\" class=\"mce_SELRES_start\">?<\/span><\/iframe><\/p>\n<\/div>\n<\/div>\n<\/div>\n","protected":false},"excerpt":{"rendered":"<p>O puxador Nis \u00e9 um perfil em alum\u00ednio com ponteiras pl\u00e1sticas, caracterizado por um design minimalista e linhas bem marcadas nas transi\u00e7\u00f5es das faces. Sua ponteira possui uma textura recartilhada cuidadosamente aplicada, adicionando um toque estiloso e exclusivo \u00e0 pe\u00e7a. Al\u00e9m disso, destaca-se pela sua pega de pin\u00e7a, extremamente ergon\u00f4mica, o que proporciona um manuseio confort\u00e1vel ao abrir portas e gavetas. Permite que seja adaptado a diferentes projetos e prefer\u00eancias est\u00e9ticas, garantindo uma solu\u00e7\u00e3o \u00fanica para cada aplica\u00e7\u00e3o.<\/p>\n","protected":false},"featured_media":7989,"comment_status":"closed","ping_status":"closed","template":"","meta":{"ngg_post_thumbnail":0},"product_cat":[138,53,74,78,66],"product_tag":[],"class_list":["post-7988","product","type-product","status-publish","has-post-thumbnail","hentry","product_cat-perfis-de-topo-aluminio-perfis","product_cat-aluminio","product_cat-aluminio-perfis","product_cat-aluminio-puxadores","product_cat-puxadores-de-topo-aluminio"],"acf":[],"_links":{"self":[{"href":"https:\/\/www.akeo.com.br\/produtos\/wp-json\/wp\/v2\/product\/7988","targetHints":{"allow":["GET"]}}],"collection":[{"href":"https:\/\/www.akeo.com.br\/produtos\/wp-json\/wp\/v2\/product"}],"about":[{"href":"https:\/\/www.akeo.com.br\/produtos\/wp-json\/wp\/v2\/types\/product"}],"replies":[{"embeddable":true,"href":"https:\/\/www.akeo.com.br\/produtos\/wp-json\/wp\/v2\/comments?post=7988"}],"wp:featuredmedia":[{"embeddable":true,"href":"https:\/\/www.akeo.com.br\/produtos\/wp-json\/wp\/v2\/media\/7989"}],"wp:attachment":[{"href":"https:\/\/www.akeo.com.br\/produtos\/wp-json\/wp\/v2\/media?parent=7988"}],"wp:term":[{"taxonomy":"product_cat","embeddable":true,"href":"https:\/\/www.akeo.com.br\/produtos\/wp-json\/wp\/v2\/product_cat?post=7988"},{"taxonomy":"product_tag","embeddable":true,"href":"https:\/\/www.akeo.com.br\/produtos\/wp-json\/wp\/v2\/product_tag?post=7988"}],"curies":[{"name":"wp","href":"https:\/\/api.w.org\/{rel}","templated":true}]}}