{"id":7655,"date":"2023-02-01T21:45:37","date_gmt":"2023-02-02T00:45:37","guid":{"rendered":"https:\/\/www.akeo.com.br\/wordpress\/?post_type=product&#038;p=7655"},"modified":"2023-02-24T08:59:00","modified_gmt":"2023-02-24T11:59:00","slug":"silky-front","status":"publish","type":"product","link":"https:\/\/www.akeo.com.br\/produtos\/produto\/silky-front\/","title":{"rendered":"Silky Front"},"content":{"rendered":"<div class=\"container videos-pagina-produto\">\n<div class=\"row\">\n<div class=\"col-lg-6\">\n<h4>Confira o v\u00eddeo de apresenta\u00e7\u00e3o:<\/h4>\n<p><iframe loading=\"lazy\" title=\"YouTube video player\" src=\"https:\/\/www.youtube.com\/embed\/fCI4g5vM5a4\" width=\"100%\" height=\"500\" frameborder=\"0\" allowfullscreen=\"allowfullscreen\"><span data-mce-type=\"bookmark\" style=\"display: inline-block; width: 0px; overflow: hidden; line-height: 0;\" class=\"mce_SELRES_start\">?<\/span><\/iframe><\/p>\n<\/div>\n<div class=\"col-lg-6\">\n<h4>Interaja com o ambiente 360\u00ba:<\/h4>\n<p><iframe loading=\"lazy\" title=\"YouTube video player\" src=\"https:\/\/www.youtube.com\/embed\/GjY9iMJBPFk\" width=\"100%\" height=\"500\" frameborder=\"0\" allowfullscreen=\"allowfullscreen\"><\/iframe><\/p>\n<\/div>\n<\/div>\n<\/div>\n","protected":false},"excerpt":{"rendered":"<p>O puxador SILKY FRONT possui um design leve e discreto, proporcionando um ar mais contempor\u00e2neo no projeto onde \u00e9 inserido.<\/p>\n<p>Pode ser utilizado na vertical e tamb\u00e9m na horizontal, dando um ar descontra\u00eddo ao ambiente.<\/p>\n","protected":false},"featured_media":7656,"comment_status":"closed","ping_status":"closed","template":"","meta":{"ngg_post_thumbnail":0},"product_cat":[53,74,63],"product_tag":[],"class_list":["post-7655","product","type-product","status-publish","has-post-thumbnail","hentry","product_cat-aluminio","product_cat-aluminio-perfis","product_cat-perfis-puxadores"],"acf":[],"_links":{"self":[{"href":"https:\/\/www.akeo.com.br\/produtos\/wp-json\/wp\/v2\/product\/7655","targetHints":{"allow":["GET"]}}],"collection":[{"href":"https:\/\/www.akeo.com.br\/produtos\/wp-json\/wp\/v2\/product"}],"about":[{"href":"https:\/\/www.akeo.com.br\/produtos\/wp-json\/wp\/v2\/types\/product"}],"replies":[{"embeddable":true,"href":"https:\/\/www.akeo.com.br\/produtos\/wp-json\/wp\/v2\/comments?post=7655"}],"wp:featuredmedia":[{"embeddable":true,"href":"https:\/\/www.akeo.com.br\/produtos\/wp-json\/wp\/v2\/media\/7656"}],"wp:attachment":[{"href":"https:\/\/www.akeo.com.br\/produtos\/wp-json\/wp\/v2\/media?parent=7655"}],"wp:term":[{"taxonomy":"product_cat","embeddable":true,"href":"https:\/\/www.akeo.com.br\/produtos\/wp-json\/wp\/v2\/product_cat?post=7655"},{"taxonomy":"product_tag","embeddable":true,"href":"https:\/\/www.akeo.com.br\/produtos\/wp-json\/wp\/v2\/product_tag?post=7655"}],"curies":[{"name":"wp","href":"https:\/\/api.w.org\/{rel}","templated":true}]}}