{"id":7509,"date":"2023-02-01T17:21:28","date_gmt":"2023-02-01T20:21:28","guid":{"rendered":"https:\/\/www.akeo.com.br\/wordpress\/?post_type=product&#038;p=7509"},"modified":"2023-02-24T09:17:07","modified_gmt":"2023-02-24T12:17:07","slug":"ducal","status":"publish","type":"product","link":"https:\/\/www.akeo.com.br\/produtos\/produto\/ducal\/","title":{"rendered":"Ducal"},"content":{"rendered":"<div class=\"container videos-pagina-produto\">\n<div class=\"row\">\n<div class=\"col-lg-12\">\n<h4>Confira o v\u00eddeo de apresenta\u00e7\u00e3o:<\/h4>\n<p><iframe loading=\"lazy\" title=\"YouTube video player\" src=\"https:\/\/www.youtube.com\/embed\/_e7ZbAtA7e8\" width=\"100%\" height=\"500\" frameborder=\"0\" allowfullscreen=\"allowfullscreen\"><\/iframe><\/p>\n<\/div>\n<\/div>\n<\/div>\n","protected":false},"excerpt":{"rendered":"<p>O Puxador Ducal se destaca por seu elemento central sinuoso.<\/p>\n<p>Tra\u00e7os com movimento org\u00e2nico que se apropriam do acabamento para criar efeitos de luz e sombra. Este detalhe torna-se protagonista no produto e faz toda a diferen\u00e7a quando aplicado no m\u00f3vel.<\/p>\n","protected":false},"featured_media":7510,"comment_status":"closed","ping_status":"closed","template":"","meta":{"ngg_post_thumbnail":0},"product_cat":[35,79,51],"product_tag":[],"class_list":["post-7509","product","type-product","status-publish","has-post-thumbnail","hentry","product_cat-plastico","product_cat-plastico-puxadores","product_cat-puxadores-alca"],"acf":[],"_links":{"self":[{"href":"https:\/\/www.akeo.com.br\/produtos\/wp-json\/wp\/v2\/product\/7509","targetHints":{"allow":["GET"]}}],"collection":[{"href":"https:\/\/www.akeo.com.br\/produtos\/wp-json\/wp\/v2\/product"}],"about":[{"href":"https:\/\/www.akeo.com.br\/produtos\/wp-json\/wp\/v2\/types\/product"}],"replies":[{"embeddable":true,"href":"https:\/\/www.akeo.com.br\/produtos\/wp-json\/wp\/v2\/comments?post=7509"}],"wp:featuredmedia":[{"embeddable":true,"href":"https:\/\/www.akeo.com.br\/produtos\/wp-json\/wp\/v2\/media\/7510"}],"wp:attachment":[{"href":"https:\/\/www.akeo.com.br\/produtos\/wp-json\/wp\/v2\/media?parent=7509"}],"wp:term":[{"taxonomy":"product_cat","embeddable":true,"href":"https:\/\/www.akeo.com.br\/produtos\/wp-json\/wp\/v2\/product_cat?post=7509"},{"taxonomy":"product_tag","embeddable":true,"href":"https:\/\/www.akeo.com.br\/produtos\/wp-json\/wp\/v2\/product_tag?post=7509"}],"curies":[{"name":"wp","href":"https:\/\/api.w.org\/{rel}","templated":true}]}}