{"id":7418,"date":"2023-02-01T11:41:15","date_gmt":"2023-02-01T14:41:15","guid":{"rendered":"https:\/\/www.akeo.com.br\/wordpress\/?post_type=product&#038;p=7418"},"modified":"2024-03-04T08:57:20","modified_gmt":"2024-03-04T11:57:20","slug":"baly","status":"publish","type":"product","link":"https:\/\/www.akeo.com.br\/produtos\/produto\/baly\/","title":{"rendered":"Baly"},"content":{"rendered":"","protected":false},"excerpt":{"rendered":"<p>Forma aliada \u00e0 fun\u00e7\u00e3o, assim \u00e9 o puxador Baly. Formado por um perfil em alum\u00ednio minimalista e ponteiras delicadas sua est\u00e9tica est\u00e1 voltada \u00e0 funcionalidade sendo coadjuvante no m\u00f3vel. Al\u00e9m disso, destaca-se pela sua pega de pin\u00e7a, extremamente ergon\u00f4mica, o que proporciona um manuseio confort\u00e1vel ao abrir portas e gavetas.<\/p>\n<p>Obs.: produto exclusivo para chapa de 15mm.<\/p>\n","protected":false},"featured_media":7421,"comment_status":"closed","ping_status":"closed","template":"","meta":{"ngg_post_thumbnail":0},"product_cat":[138,53,74,78,66],"product_tag":[],"class_list":["post-7418","product","type-product","status-publish","has-post-thumbnail","hentry","product_cat-perfis-de-topo-aluminio-perfis","product_cat-aluminio","product_cat-aluminio-perfis","product_cat-aluminio-puxadores","product_cat-puxadores-de-topo-aluminio"],"acf":[],"_links":{"self":[{"href":"https:\/\/www.akeo.com.br\/produtos\/wp-json\/wp\/v2\/product\/7418","targetHints":{"allow":["GET"]}}],"collection":[{"href":"https:\/\/www.akeo.com.br\/produtos\/wp-json\/wp\/v2\/product"}],"about":[{"href":"https:\/\/www.akeo.com.br\/produtos\/wp-json\/wp\/v2\/types\/product"}],"replies":[{"embeddable":true,"href":"https:\/\/www.akeo.com.br\/produtos\/wp-json\/wp\/v2\/comments?post=7418"}],"wp:featuredmedia":[{"embeddable":true,"href":"https:\/\/www.akeo.com.br\/produtos\/wp-json\/wp\/v2\/media\/7421"}],"wp:attachment":[{"href":"https:\/\/www.akeo.com.br\/produtos\/wp-json\/wp\/v2\/media?parent=7418"}],"wp:term":[{"taxonomy":"product_cat","embeddable":true,"href":"https:\/\/www.akeo.com.br\/produtos\/wp-json\/wp\/v2\/product_cat?post=7418"},{"taxonomy":"product_tag","embeddable":true,"href":"https:\/\/www.akeo.com.br\/produtos\/wp-json\/wp\/v2\/product_tag?post=7418"}],"curies":[{"name":"wp","href":"https:\/\/api.w.org\/{rel}","templated":true}]}}