{"id":6047,"date":"2022-10-18T15:18:43","date_gmt":"2022-10-18T18:18:43","guid":{"rendered":"https:\/\/www.akeo.com.br\/wordpress\/?post_type=product&#038;p=6047"},"modified":"2023-02-24T09:16:34","modified_gmt":"2023-02-24T12:16:34","slug":"audrey","status":"publish","type":"product","link":"https:\/\/www.akeo.com.br\/produtos\/produto\/audrey\/","title":{"rendered":"Audrey"},"content":{"rendered":"<div class=\"container videos-pagina-produto\">\n<div class=\"row\">\n<div class=\"col-lg-12\">\n<h4>Confira o v\u00eddeo de apresenta\u00e7\u00e3o:<\/h4>\n<p><iframe loading=\"lazy\" title=\"YouTube video player\" src=\"https:\/\/www.youtube.com\/embed\/8DqXP2lwfK0\" width=\"100%\" height=\"500\" frameborder=\"0\" allowfullscreen=\"allowfullscreen\"><\/iframe><\/p>\n<\/div>\n<\/div>\n<\/div>\n","protected":false},"excerpt":{"rendered":"<p>Musas \u00edcones da d\u00e9cada de 50, inspiram a denomina\u00e7\u00e3o da cole\u00e7\u00e3o dos puxadores. Uma proposta nost\u00e1lgica e tra\u00e7os com o conceito retr\u00f4.<\/p>\n<p>DICA AKEO: Combine com os puxadores Lauren e Grace.<\/p>\n","protected":false},"featured_media":6656,"comment_status":"open","ping_status":"closed","template":"","meta":{"ngg_post_thumbnail":0},"product_cat":[35,36],"product_tag":[],"class_list":["post-6047","product","type-product","status-publish","has-post-thumbnail","hentry","product_cat-plastico","product_cat-apliques"],"acf":[],"_links":{"self":[{"href":"https:\/\/www.akeo.com.br\/produtos\/wp-json\/wp\/v2\/product\/6047","targetHints":{"allow":["GET"]}}],"collection":[{"href":"https:\/\/www.akeo.com.br\/produtos\/wp-json\/wp\/v2\/product"}],"about":[{"href":"https:\/\/www.akeo.com.br\/produtos\/wp-json\/wp\/v2\/types\/product"}],"replies":[{"embeddable":true,"href":"https:\/\/www.akeo.com.br\/produtos\/wp-json\/wp\/v2\/comments?post=6047"}],"wp:featuredmedia":[{"embeddable":true,"href":"https:\/\/www.akeo.com.br\/produtos\/wp-json\/wp\/v2\/media\/6656"}],"wp:attachment":[{"href":"https:\/\/www.akeo.com.br\/produtos\/wp-json\/wp\/v2\/media?parent=6047"}],"wp:term":[{"taxonomy":"product_cat","embeddable":true,"href":"https:\/\/www.akeo.com.br\/produtos\/wp-json\/wp\/v2\/product_cat?post=6047"},{"taxonomy":"product_tag","embeddable":true,"href":"https:\/\/www.akeo.com.br\/produtos\/wp-json\/wp\/v2\/product_tag?post=6047"}],"curies":[{"name":"wp","href":"https:\/\/api.w.org\/{rel}","templated":true}]}}