{"id":6036,"date":"2022-10-18T13:55:45","date_gmt":"2022-10-18T16:55:45","guid":{"rendered":"https:\/\/www.akeo.com.br\/wordpress\/?post_type=product&#038;p=6036"},"modified":"2023-04-10T10:28:14","modified_gmt":"2023-04-10T13:28:14","slug":"nimbus","status":"publish","type":"product","link":"https:\/\/www.akeo.com.br\/produtos\/produto\/nimbus\/","title":{"rendered":"Nimbus"},"content":{"rendered":"<div class=\"container videos-pagina-produto\">\n<div class=\"row\">\n<div class=\"col-lg-6\">\n<h4>Confira o v\u00eddeo de apresenta\u00e7\u00e3o:<\/h4>\n<p><iframe loading=\"lazy\" title=\"YouTube video player\" src=\"https:\/\/www.youtube.com\/embed\/Bc2n5OnWVHE\" width=\"100%\" height=\"500\" frameborder=\"0\" allowfullscreen=\"allowfullscreen\"><\/iframe><\/p>\n<\/div>\n<div class=\"col-lg-6\">\n<h4>Interaja com o ambiente 360\u00ba:<\/h4>\n<p><iframe loading=\"lazy\" title=\"YouTube video player\" src=\"https:\/\/www.youtube.com\/embed\/HfyTutrxUAI\" width=\"100%\" height=\"500\" frameborder=\"0\" allowfullscreen=\"allowfullscreen\"><\/iframe><\/p>\n<\/div>\n<\/div>\n<\/div>\n","protected":false},"excerpt":{"rendered":"<p>Os puxadores NIMBUS e CARTER\u00a0possuem textura recartilhada na face superior, que faz refer\u00eancia ao estilo industrial, e, atrav\u00e9s dos acabamentos da Akeo, possibilitam efeitos visuais exclusivos. Suas formas possuem detalhes chanfrados que geram unidade entre os puxadores, permitindo serem usados coniugados ou individualmente.<\/p>\n<p>O Puxador Nimbus possui um formato delicado, e a pega de pin\u00e7a \u00e9 uma apresenta\u00e7\u00e3o moderna frente aos puxadores em formato de concha. Seu design casa muito bem em frentes menos bem como em frentes maiores nos m\u00f3veis.<\/p>\n<p>&nbsp;<\/p>\n","protected":false},"featured_media":6787,"comment_status":"open","ping_status":"closed","template":"","meta":{"ngg_post_thumbnail":0},"product_cat":[35,79,51,57],"product_tag":[],"class_list":["post-6036","product","type-product","status-publish","has-post-thumbnail","hentry","product_cat-plastico","product_cat-plastico-puxadores","product_cat-puxadores-alca","product_cat-puxadores-infantis"],"acf":[],"_links":{"self":[{"href":"https:\/\/www.akeo.com.br\/produtos\/wp-json\/wp\/v2\/product\/6036","targetHints":{"allow":["GET"]}}],"collection":[{"href":"https:\/\/www.akeo.com.br\/produtos\/wp-json\/wp\/v2\/product"}],"about":[{"href":"https:\/\/www.akeo.com.br\/produtos\/wp-json\/wp\/v2\/types\/product"}],"replies":[{"embeddable":true,"href":"https:\/\/www.akeo.com.br\/produtos\/wp-json\/wp\/v2\/comments?post=6036"}],"wp:featuredmedia":[{"embeddable":true,"href":"https:\/\/www.akeo.com.br\/produtos\/wp-json\/wp\/v2\/media\/6787"}],"wp:attachment":[{"href":"https:\/\/www.akeo.com.br\/produtos\/wp-json\/wp\/v2\/media?parent=6036"}],"wp:term":[{"taxonomy":"product_cat","embeddable":true,"href":"https:\/\/www.akeo.com.br\/produtos\/wp-json\/wp\/v2\/product_cat?post=6036"},{"taxonomy":"product_tag","embeddable":true,"href":"https:\/\/www.akeo.com.br\/produtos\/wp-json\/wp\/v2\/product_tag?post=6036"}],"curies":[{"name":"wp","href":"https:\/\/api.w.org\/{rel}","templated":true}]}}