{"id":6016,"date":"2022-10-18T13:55:34","date_gmt":"2022-10-18T16:55:34","guid":{"rendered":"https:\/\/www.akeo.com.br\/wordpress\/?post_type=product&#038;p=6016"},"modified":"2023-02-24T09:04:53","modified_gmt":"2023-02-24T12:04:53","slug":"athos-courbe","status":"publish","type":"product","link":"https:\/\/www.akeo.com.br\/produtos\/produto\/athos-courbe\/","title":{"rendered":"Athos Courbe"},"content":{"rendered":"","protected":false},"excerpt":{"rendered":"<p>Inspirado nos grafismos do artista Athos Bulc\u00e3o, que nos detalhes e na leveza de seus desenhos transmitia suas mensagens e com o mesmo m\u00f3dulo fazia diversas aplica\u00e7\u00f5es, criando assim um padr\u00e3o.<br \/>\nO Perfil de Alum\u00ednio Athos permite flexibilidade na utiliza\u00e7\u00e3o, um mesmo perfil e varia\u00e7\u00f5es de ponteiras criam composi\u00e7\u00f5es diversas e caracter\u00edsticas \u00fanicas ao mobili\u00e1rio.<\/p>\n","protected":false},"featured_media":6598,"comment_status":"open","ping_status":"closed","template":"","meta":{"ngg_post_thumbnail":0},"product_cat":[53,78,54],"product_tag":[],"class_list":["post-6016","product","type-product","status-publish","has-post-thumbnail","hentry","product_cat-aluminio","product_cat-aluminio-puxadores","product_cat-puxadores-alcas"],"acf":[],"_links":{"self":[{"href":"https:\/\/www.akeo.com.br\/produtos\/wp-json\/wp\/v2\/product\/6016","targetHints":{"allow":["GET"]}}],"collection":[{"href":"https:\/\/www.akeo.com.br\/produtos\/wp-json\/wp\/v2\/product"}],"about":[{"href":"https:\/\/www.akeo.com.br\/produtos\/wp-json\/wp\/v2\/types\/product"}],"replies":[{"embeddable":true,"href":"https:\/\/www.akeo.com.br\/produtos\/wp-json\/wp\/v2\/comments?post=6016"}],"wp:featuredmedia":[{"embeddable":true,"href":"https:\/\/www.akeo.com.br\/produtos\/wp-json\/wp\/v2\/media\/6598"}],"wp:attachment":[{"href":"https:\/\/www.akeo.com.br\/produtos\/wp-json\/wp\/v2\/media?parent=6016"}],"wp:term":[{"taxonomy":"product_cat","embeddable":true,"href":"https:\/\/www.akeo.com.br\/produtos\/wp-json\/wp\/v2\/product_cat?post=6016"},{"taxonomy":"product_tag","embeddable":true,"href":"https:\/\/www.akeo.com.br\/produtos\/wp-json\/wp\/v2\/product_tag?post=6016"}],"curies":[{"name":"wp","href":"https:\/\/api.w.org\/{rel}","templated":true}]}}