{"id":5984,"date":"2022-10-18T13:55:23","date_gmt":"2022-10-18T16:55:23","guid":{"rendered":"https:\/\/www.akeo.com.br\/wordpress\/?post_type=product&#038;p=5984"},"modified":"2023-02-24T09:23:18","modified_gmt":"2023-02-24T12:23:18","slug":"cefas","status":"publish","type":"product","link":"https:\/\/www.akeo.com.br\/produtos\/produto\/cefas\/","title":{"rendered":"Cefas"},"content":{"rendered":"","protected":false},"excerpt":{"rendered":"<p>Composto por um perfil e ponteiras de pl\u00e1stico.<\/p>\n<p>Este produto tamb\u00e9m pode ser vendido com aplica\u00e7\u00e3o de hot stamping.<\/p>\n","protected":false},"featured_media":6721,"comment_status":"open","ping_status":"closed","template":"","meta":{"ngg_post_thumbnail":0},"product_cat":[35,77,44],"product_tag":[],"class_list":["post-5984","product","type-product","status-publish","has-post-thumbnail","hentry","product_cat-plastico","product_cat-plastico-pes-para-balcao","product_cat-pes-para-balcao"],"acf":[],"_links":{"self":[{"href":"https:\/\/www.akeo.com.br\/produtos\/wp-json\/wp\/v2\/product\/5984","targetHints":{"allow":["GET"]}}],"collection":[{"href":"https:\/\/www.akeo.com.br\/produtos\/wp-json\/wp\/v2\/product"}],"about":[{"href":"https:\/\/www.akeo.com.br\/produtos\/wp-json\/wp\/v2\/types\/product"}],"replies":[{"embeddable":true,"href":"https:\/\/www.akeo.com.br\/produtos\/wp-json\/wp\/v2\/comments?post=5984"}],"wp:featuredmedia":[{"embeddable":true,"href":"https:\/\/www.akeo.com.br\/produtos\/wp-json\/wp\/v2\/media\/6721"}],"wp:attachment":[{"href":"https:\/\/www.akeo.com.br\/produtos\/wp-json\/wp\/v2\/media?parent=5984"}],"wp:term":[{"taxonomy":"product_cat","embeddable":true,"href":"https:\/\/www.akeo.com.br\/produtos\/wp-json\/wp\/v2\/product_cat?post=5984"},{"taxonomy":"product_tag","embeddable":true,"href":"https:\/\/www.akeo.com.br\/produtos\/wp-json\/wp\/v2\/product_tag?post=5984"}],"curies":[{"name":"wp","href":"https:\/\/api.w.org\/{rel}","templated":true}]}}